{"id":12008,"date":"2024-04-04T19:31:19","date_gmt":"2024-04-04T17:31:19","guid":{"rendered":"https:\/\/multivracecono.com\/?post_type=product&#038;p=12008"},"modified":"2024-04-04T19:31:19","modified_gmt":"2024-04-04T17:31:19","slug":"herbionik-eco-rustik-thym-rampant-nain","status":"publish","type":"product","link":"https:\/\/multivracecono.com\/index.php\/produit\/herbionik-eco-rustik-thym-rampant-nain\/","title":{"rendered":"HERBIONIK\u00ae ECO-RUSTIK THYM RAMPANT NAIN"},"content":{"rendered":"<div class=\"description\">\n<p>Utilisez cette plante vivace comme couvre-sol en remplacement du gazon.<\/p>\n<p>Le thym rampant nain ne demande que peu d&rsquo;entretien<\/p>\n<p>Grande r\u00e9sistance \u00e0 la s\u00e9cheresse et \u00e0 la chaleur continu.<\/p>\n<p>Ne tol\u00e8re pas le pi\u00e9tinement intense.<\/p>\n<p>Ce m\u00e9lange parfume agr\u00e9ablement votre propri\u00e9t\u00e9.<\/p>\n<p>Contient : 5 g de thym rampant nain (6200 graines\/g); 447 g d&rsquo;\u00e9cales sarrasin favorisant la bonne distribution des semences.<\/p>\n<\/div>\n<p><b>SKU : <\/b><span class=\"product-sku \" data-sku-index=\"0\">4001407<\/span><\/p>\n<p><b>UPC : <\/b><span class=\"\" data-sku-index=\"0\">0 67882 21814 5<\/span><\/p>\n<p><b>Couverture nouveau semis : <\/b><span class=\"\" data-sku-index=\"0\">5 g de couvre 28 m<sup>2<\/sup> \/ 300 pi<sup>2<\/sup><\/span><\/p>\n<p>&nbsp;<\/p>\n<div class=\"recette\">\n<h2>Recette<\/h2>\n<p class=\"\" data-sku-index=\"0\">100 % Thym rampant nain<\/p>\n<\/div>\n","protected":false},"excerpt":{"rendered":"<p>Utilisez cette plante vivace comme couvre-sol en remplacement du gazon. Le thym rampant nain ne demande que peu d&rsquo;entretien Grande r\u00e9sistance \u00e0 la s\u00e9cheresse et \u00e0 la chaleur continu. Ne tol\u00e8re pas le pi\u00e9tinement intense. Ce m\u00e9lange parfume agr\u00e9ablement votre propri\u00e9t\u00e9. Contient : 5 g de thym rampant nain (6200 graines\/g); 447 g d&rsquo;\u00e9cales sarrasin [&hellip;]<\/p>\n","protected":false},"featured_media":12009,"template":"","meta":[],"product_cat":[97,106],"product_tag":[],"class_list":{"0":"post-12008","1":"product","2":"type-product","3":"status-publish","4":"has-post-thumbnail","6":"product_cat-en-sac","7":"product_cat-semences-de-gazon","9":"first","10":"instock","11":"shipping-taxable","12":"product-type-simple"},"jetpack_sharing_enabled":true,"_links":{"self":[{"href":"https:\/\/multivracecono.com\/index.php\/wp-json\/wp\/v2\/product\/12008","targetHints":{"allow":["GET"]}}],"collection":[{"href":"https:\/\/multivracecono.com\/index.php\/wp-json\/wp\/v2\/product"}],"about":[{"href":"https:\/\/multivracecono.com\/index.php\/wp-json\/wp\/v2\/types\/product"}],"wp:featuredmedia":[{"embeddable":true,"href":"https:\/\/multivracecono.com\/index.php\/wp-json\/wp\/v2\/media\/12009"}],"wp:attachment":[{"href":"https:\/\/multivracecono.com\/index.php\/wp-json\/wp\/v2\/media?parent=12008"}],"wp:term":[{"taxonomy":"product_cat","embeddable":true,"href":"https:\/\/multivracecono.com\/index.php\/wp-json\/wp\/v2\/product_cat?post=12008"},{"taxonomy":"product_tag","embeddable":true,"href":"https:\/\/multivracecono.com\/index.php\/wp-json\/wp\/v2\/product_tag?post=12008"}],"curies":[{"name":"wp","href":"https:\/\/api.w.org\/{rel}","templated":true}]}}