{"id":12006,"date":"2024-04-04T19:29:09","date_gmt":"2024-04-04T17:29:09","guid":{"rendered":"https:\/\/multivracecono.com\/?post_type=product&#038;p=12006"},"modified":"2024-04-04T19:29:09","modified_gmt":"2024-04-04T17:29:09","slug":"herbionik-eco-rustik-fleurs-comestibles","status":"publish","type":"product","link":"https:\/\/multivracecono.com\/index.php\/produit\/herbionik-eco-rustik-fleurs-comestibles\/","title":{"rendered":"HERBIONIK\u00ae ECO-RUSTIK\u00ae FLEURS COMESTIBLES"},"content":{"rendered":"<div class=\"description\">\n<p>Embellisez votre assiette avec les magnifiques fleurs de ce m\u00e9lange<\/p>\n<p>Ce m\u00e9lange est adapt\u00e9 pour nos paysages et procure une gamme vari\u00e9e de fleurs attrayantes durant toute la saison.<\/p>\n<p>Source d&rsquo;\u00e9conomie: R\u00e9duction des surfaces \u00e0 tondre.<\/p>\n<p>Contribution \u00e0 la gestion durable et favorisent la biodiversit\u00e9: Diminue l&rsquo;utilisation d&rsquo;engrais chimiques et min\u00e9raux.<\/p>\n<p>Favorise le retour de la nature en ville: Un effet visuel exceptionnel, id\u00e9al pour les amateurs de fleurs.<\/p>\n<p>Contient: 125 g de fleurs sauvages et 375 g de substrat.<\/p>\n<p>Couvre: 25 m<sup>2<\/sup> (265 pi<sup>2<\/sup>)<\/p>\n<p>Hauteur : 10 cm \u00e0 1.8 m (4 po \u00e0 5,9 pi)<\/p>\n<p>Floraison: Juin \u00e0 octobre<\/p>\n<p>Mise en garde: Les p\u00e9tales des v\u00e9g\u00e9taux contenus dans ce sac et les feuilles de basilic sont comestibles.<\/p>\n<p>Vous devez toutefois vous assurer de consommer uniquement les parties comestibles de la plante et vous informer sur ses effets sur la sant\u00e9.<\/p>\n<\/div>\n<p><b>SKU : <\/b><span class=\"product-sku \" data-sku-index=\"0\">4000850<\/span><\/p>\n<p><b>UPC : <\/b><span class=\"\" data-sku-index=\"0\">0 67882 21819 0<\/span><\/p>\n<p><b>Couverture nouveau semis : <\/b><span class=\"\" data-sku-index=\"0\">500 g couvre 25 m<sup>2<\/sup> \/ 265 pi<sup>2<\/sup><\/span><\/p>\n<p>&nbsp;<\/p>\n<div class=\"recette\">\n<h2>Recette<\/h2>\n<p class=\"\" data-sku-index=\"0\">1,20% Tropaeolum majus (A)<\/p>\n<p class=\"\" data-sku-index=\"0\">7,30% Calendula officinalis (A)<\/p>\n<p class=\"\" data-sku-index=\"0\">7,60% Centurea cyanus (A)<\/p>\n<\/div>\n","protected":false},"excerpt":{"rendered":"<p>Embellisez votre assiette avec les magnifiques fleurs de ce m\u00e9lange Ce m\u00e9lange est adapt\u00e9 pour nos paysages et procure une gamme vari\u00e9e de fleurs attrayantes durant toute la saison. Source d&rsquo;\u00e9conomie: R\u00e9duction des surfaces \u00e0 tondre. Contribution \u00e0 la gestion durable et favorisent la biodiversit\u00e9: Diminue l&rsquo;utilisation d&rsquo;engrais chimiques et min\u00e9raux. Favorise le retour de [&hellip;]<\/p>\n","protected":false},"featured_media":12007,"template":"","meta":[],"product_cat":[97,99,106],"product_tag":[],"class_list":{"0":"post-12006","1":"product","2":"type-product","3":"status-publish","4":"has-post-thumbnail","6":"product_cat-en-sac","7":"product_cat-engrais","8":"product_cat-semences-de-gazon","10":"first","11":"instock","12":"shipping-taxable","13":"product-type-simple"},"jetpack_sharing_enabled":true,"_links":{"self":[{"href":"https:\/\/multivracecono.com\/index.php\/wp-json\/wp\/v2\/product\/12006","targetHints":{"allow":["GET"]}}],"collection":[{"href":"https:\/\/multivracecono.com\/index.php\/wp-json\/wp\/v2\/product"}],"about":[{"href":"https:\/\/multivracecono.com\/index.php\/wp-json\/wp\/v2\/types\/product"}],"wp:featuredmedia":[{"embeddable":true,"href":"https:\/\/multivracecono.com\/index.php\/wp-json\/wp\/v2\/media\/12007"}],"wp:attachment":[{"href":"https:\/\/multivracecono.com\/index.php\/wp-json\/wp\/v2\/media?parent=12006"}],"wp:term":[{"taxonomy":"product_cat","embeddable":true,"href":"https:\/\/multivracecono.com\/index.php\/wp-json\/wp\/v2\/product_cat?post=12006"},{"taxonomy":"product_tag","embeddable":true,"href":"https:\/\/multivracecono.com\/index.php\/wp-json\/wp\/v2\/product_tag?post=12006"}],"curies":[{"name":"wp","href":"https:\/\/api.w.org\/{rel}","templated":true}]}}