{"id":12000,"date":"2024-04-04T18:25:28","date_gmt":"2024-04-04T16:25:28","guid":{"rendered":"https:\/\/multivracecono.com\/?post_type=product&#038;p=12000"},"modified":"2024-04-04T18:25:29","modified_gmt":"2024-04-04T16:25:29","slug":"bionik-enracineur-multi-usage-4-7-5-2-0-5","status":"publish","type":"product","link":"https:\/\/multivracecono.com\/index.php\/produit\/bionik-enracineur-multi-usage-4-7-5-2-0-5\/","title":{"rendered":"BIONIK ENRACINEUR MULTI-USAGE 4.7 &#8211; 5.2 &#8211; 0.5"},"content":{"rendered":"<div class=\"description\">\n<p>Poudre de crabe des neiges, Engrais 100% Naturel 4.7 &#8211; 5.2 &#8211; 0.5<\/p>\n<p>2 FOIS PLUS de racines<\/p>\n<p>Aide \u00e0 la transplantation<\/p>\n<p>Enracinement explosif<\/p>\n<p>Farine de crabe des neiges*.<\/p>\n<p>*Produit approuv\u00e9 conforme pour l&rsquo;agriculture biologique par Qu\u00e9bec Vrai.<\/p>\n<p>Produit non-soluble dans l&rsquo;eau (M\u00e9langer au sol).<\/p>\n<p>Diminue le stress de plantation<\/p>\n<p>Activateur de compost<\/p>\n<\/div>\n<p>&nbsp;<\/p>\n<p><b>SKU : <\/b><span class=\"product-sku \" data-sku-index=\"0\">4000067<\/span><\/p>\n<p><b>UPC : <\/b><span class=\"\" data-sku-index=\"0\">0 87992 21700 5<\/span><\/p>\n<p>&nbsp;<\/p>\n<div class=\"recette\">\n<h2>Recette<\/h2>\n<p class=\"\" data-sku-index=\"0\">Farine de crabe des neiges*<\/p>\n<\/div>\n","protected":false},"excerpt":{"rendered":"<p>Poudre de crabe des neiges, Engrais 100% Naturel 4.7 &#8211; 5.2 &#8211; 0.5 2 FOIS PLUS de racines Aide \u00e0 la transplantation Enracinement explosif Farine de crabe des neiges*. *Produit approuv\u00e9 conforme pour l&rsquo;agriculture biologique par Qu\u00e9bec Vrai. Produit non-soluble dans l&rsquo;eau (M\u00e9langer au sol). Diminue le stress de plantation Activateur de compost &nbsp; SKU [&hellip;]<\/p>\n","protected":false},"featured_media":12001,"template":"","meta":[],"product_cat":[97,99],"product_tag":[],"class_list":{"0":"post-12000","1":"product","2":"type-product","3":"status-publish","4":"has-post-thumbnail","6":"product_cat-en-sac","7":"product_cat-engrais","9":"first","10":"instock","11":"shipping-taxable","12":"product-type-simple"},"jetpack_sharing_enabled":true,"_links":{"self":[{"href":"https:\/\/multivracecono.com\/index.php\/wp-json\/wp\/v2\/product\/12000","targetHints":{"allow":["GET"]}}],"collection":[{"href":"https:\/\/multivracecono.com\/index.php\/wp-json\/wp\/v2\/product"}],"about":[{"href":"https:\/\/multivracecono.com\/index.php\/wp-json\/wp\/v2\/types\/product"}],"wp:featuredmedia":[{"embeddable":true,"href":"https:\/\/multivracecono.com\/index.php\/wp-json\/wp\/v2\/media\/12001"}],"wp:attachment":[{"href":"https:\/\/multivracecono.com\/index.php\/wp-json\/wp\/v2\/media?parent=12000"}],"wp:term":[{"taxonomy":"product_cat","embeddable":true,"href":"https:\/\/multivracecono.com\/index.php\/wp-json\/wp\/v2\/product_cat?post=12000"},{"taxonomy":"product_tag","embeddable":true,"href":"https:\/\/multivracecono.com\/index.php\/wp-json\/wp\/v2\/product_tag?post=12000"}],"curies":[{"name":"wp","href":"https:\/\/api.w.org\/{rel}","templated":true}]}}