{"id":11998,"date":"2024-04-04T18:22:28","date_gmt":"2024-04-04T16:22:28","guid":{"rendered":"https:\/\/multivracecono.com\/?post_type=product&#038;p=11998"},"modified":"2024-04-04T18:22:29","modified_gmt":"2024-04-04T16:22:29","slug":"bionik-algue-marine-liquide-0-36-0-0-22","status":"publish","type":"product","link":"https:\/\/multivracecono.com\/index.php\/produit\/bionik-algue-marine-liquide-0-36-0-0-22\/","title":{"rendered":"BIONIK ALGUE MARINE LIQUIDE 0.36 &#8211; 0 &#8211; 0.22"},"content":{"rendered":"<div class=\"description\">\n<p>Algues marines*<\/p>\n<p>Directement de la mer \u00e0 votre potager!<\/p>\n<p>B\u00c9N\u00c9FICES: Croissance 2 FOIS PLUS performante<\/p>\n<p>2 FOIS MOINS de stress sur les plants<\/p>\n<p>Aide \u00e0 stimuler l\u2019enracinement<\/p>\n<p>Nouveau proc\u00e9d\u00e9 de transformation de l\u2019algue s\u00e8che en produit liquide concentr\u00e9; micronisation.<\/p>\n<p>Bionik<sup>\u00ae<\/sup> algues marines fait partie du Programme de fertilisation Bionik<sup>\u00ae<\/sup>.<\/p>\n<p>* Produit approuv\u00e9 et conforme pour l\u2019agriculture biologique par Qu\u00e9bec Vrai<\/p>\n<\/div>\n<p><b>SKU : <\/b><span class=\"product-sku \" data-sku-index=\"0\">4000052<\/span><\/p>\n<p><b>UPC : <\/b><span class=\"\" data-sku-index=\"0\">0 87992 21718 0<\/span><\/p>\n<p>&nbsp;<\/p>\n<p>&nbsp;<\/p>\n<div class=\"recette\">\n<h2>Recette<\/h2>\n<p class=\"\" data-sku-index=\"0\">100% Algues marines*<\/p>\n<\/div>\n","protected":false},"excerpt":{"rendered":"<p>Algues marines* Directement de la mer \u00e0 votre potager! B\u00c9N\u00c9FICES: Croissance 2 FOIS PLUS performante 2 FOIS MOINS de stress sur les plants Aide \u00e0 stimuler l\u2019enracinement Nouveau proc\u00e9d\u00e9 de transformation de l\u2019algue s\u00e8che en produit liquide concentr\u00e9; micronisation. Bionik\u00ae algues marines fait partie du Programme de fertilisation Bionik\u00ae. * Produit approuv\u00e9 et conforme pour [&hellip;]<\/p>\n","protected":false},"featured_media":11999,"template":"","meta":[],"product_cat":[97,101],"product_tag":[],"class_list":{"0":"post-11998","1":"product","2":"type-product","3":"status-publish","4":"has-post-thumbnail","6":"product_cat-en-sac","7":"product_cat-engrais-hydrosoluble","9":"first","10":"instock","11":"shipping-taxable","12":"product-type-simple"},"jetpack_sharing_enabled":true,"_links":{"self":[{"href":"https:\/\/multivracecono.com\/index.php\/wp-json\/wp\/v2\/product\/11998","targetHints":{"allow":["GET"]}}],"collection":[{"href":"https:\/\/multivracecono.com\/index.php\/wp-json\/wp\/v2\/product"}],"about":[{"href":"https:\/\/multivracecono.com\/index.php\/wp-json\/wp\/v2\/types\/product"}],"wp:featuredmedia":[{"embeddable":true,"href":"https:\/\/multivracecono.com\/index.php\/wp-json\/wp\/v2\/media\/11999"}],"wp:attachment":[{"href":"https:\/\/multivracecono.com\/index.php\/wp-json\/wp\/v2\/media?parent=11998"}],"wp:term":[{"taxonomy":"product_cat","embeddable":true,"href":"https:\/\/multivracecono.com\/index.php\/wp-json\/wp\/v2\/product_cat?post=11998"},{"taxonomy":"product_tag","embeddable":true,"href":"https:\/\/multivracecono.com\/index.php\/wp-json\/wp\/v2\/product_tag?post=11998"}],"curies":[{"name":"wp","href":"https:\/\/api.w.org\/{rel}","templated":true}]}}