{"id":11996,"date":"2024-04-04T18:20:28","date_gmt":"2024-04-04T16:20:28","guid":{"rendered":"https:\/\/multivracecono.com\/?post_type=product&#038;p=11996"},"modified":"2024-04-04T18:20:28","modified_gmt":"2024-04-04T16:20:28","slug":"bionik-fruits-legumes-4-1-9","status":"publish","type":"product","link":"https:\/\/multivracecono.com\/index.php\/produit\/bionik-fruits-legumes-4-1-9\/","title":{"rendered":"BIONIK FRUITS &#038; L\u00c9GUMES 4 &#8211; 1 &#8211; 9"},"content":{"rendered":"<div class=\"description\">\n<p>Engrais naturel 4 &#8211; 1 &#8211; 9<\/p>\n<p>Fertilisant complet et parfaitement \u00e9quilibr\u00e9 pour la production abondante de fruits et l\u00e9gumes.<\/p>\n<p>Contient tous les \u00e9l\u00e9ments essentiels \u00e0 la croissance.<\/p>\n<p>*Produit non-soluble dans l&rsquo;eau (M\u00e9langer au sol).<\/p>\n<p>*Produit approuv\u00e9 conforme pour l&rsquo;agriculture biologique par Qu\u00e9bec Vrai.<\/p>\n<p>a Produit inclus dans le manuel d&rsquo;intrants biologique du MAPAQ.<\/p>\n<\/div>\n<p><b>SKU : <\/b><span class=\"product-sku \" data-sku-index=\"0\">4000077<\/span><\/p>\n<p><b>UPC : <\/b><span class=\"\" data-sku-index=\"0\">0 87992 21730 2<\/span><\/p>\n<p>&nbsp;<\/p>\n<div class=\"recette\">\n<h2>Recette<\/h2>\n<p class=\"\" data-sku-index=\"0\">Farine de crabe des neiges*<\/p>\n<p class=\"\" data-sku-index=\"0\">Algues marines*<\/p>\n<p class=\"\" data-sku-index=\"0\">Luzerne*<\/p>\n<\/div>\n","protected":false},"excerpt":{"rendered":"<p>Engrais naturel 4 &#8211; 1 &#8211; 9 Fertilisant complet et parfaitement \u00e9quilibr\u00e9 pour la production abondante de fruits et l\u00e9gumes. Contient tous les \u00e9l\u00e9ments essentiels \u00e0 la croissance. *Produit non-soluble dans l&rsquo;eau (M\u00e9langer au sol). *Produit approuv\u00e9 conforme pour l&rsquo;agriculture biologique par Qu\u00e9bec Vrai. a Produit inclus dans le manuel d&rsquo;intrants biologique du MAPAQ. SKU [&hellip;]<\/p>\n","protected":false},"featured_media":11997,"template":"","meta":[],"product_cat":[97,99],"product_tag":[],"class_list":{"0":"post-11996","1":"product","2":"type-product","3":"status-publish","4":"has-post-thumbnail","6":"product_cat-en-sac","7":"product_cat-engrais","9":"first","10":"instock","11":"shipping-taxable","12":"product-type-simple"},"jetpack_sharing_enabled":true,"_links":{"self":[{"href":"https:\/\/multivracecono.com\/index.php\/wp-json\/wp\/v2\/product\/11996","targetHints":{"allow":["GET"]}}],"collection":[{"href":"https:\/\/multivracecono.com\/index.php\/wp-json\/wp\/v2\/product"}],"about":[{"href":"https:\/\/multivracecono.com\/index.php\/wp-json\/wp\/v2\/types\/product"}],"wp:featuredmedia":[{"embeddable":true,"href":"https:\/\/multivracecono.com\/index.php\/wp-json\/wp\/v2\/media\/11997"}],"wp:attachment":[{"href":"https:\/\/multivracecono.com\/index.php\/wp-json\/wp\/v2\/media?parent=11996"}],"wp:term":[{"taxonomy":"product_cat","embeddable":true,"href":"https:\/\/multivracecono.com\/index.php\/wp-json\/wp\/v2\/product_cat?post=11996"},{"taxonomy":"product_tag","embeddable":true,"href":"https:\/\/multivracecono.com\/index.php\/wp-json\/wp\/v2\/product_tag?post=11996"}],"curies":[{"name":"wp","href":"https:\/\/api.w.org\/{rel}","templated":true}]}}