{"id":11994,"date":"2024-04-04T18:13:36","date_gmt":"2024-04-04T16:13:36","guid":{"rendered":"https:\/\/multivracecono.com\/?post_type=product&#038;p=11994"},"modified":"2024-04-04T18:13:36","modified_gmt":"2024-04-04T16:13:36","slug":"bionik-compost-marin-et-forestier","status":"publish","type":"product","link":"https:\/\/multivracecono.com\/index.php\/produit\/bionik-compost-marin-et-forestier\/","title":{"rendered":"BIONIK COMPOST MARIN ET FORESTIER"},"content":{"rendered":"<div class=\"description\">\n<p>Compost 100% nature;) 0,6 &#8211; 1.8 &#8211; 0.13<\/p>\n<p>Diminuer la compaction des sols argileux facilitant la croissance des plants.<\/p>\n<p>Biologie du sol 5 FOIS plus active<\/p>\n<p>Aide \u00e0 pr\u00e9venir l&rsquo;acidification du sol.<\/p>\n<p>** Lombricompost marin \u00e0 recourt \u00e0 des vers rouges dans son processus de maturation pour terminer le cylcle de compostage.<\/p>\n<p>*** Ne contient ni tourbe, ni fumier.<\/p>\n<p>3 FOIS plus efficace pour briser l\u2019argile<\/p>\n<p>* Produit approuv\u00e9 et conforme pour l\u2019agriculture biologique par Qu\u00e9bec Vrai<\/p>\n<\/div>\n<p><b>SKU : <\/b><span class=\"product-sku \" data-sku-index=\"0\">4000061<\/span><\/p>\n<p><b>UPC : <\/b><span class=\"\" data-sku-index=\"0\">0 87992 21729 6<\/span><\/p>\n<p>&nbsp;<\/p>\n<p>&nbsp;<\/p>\n<div class=\"recette\">\n<h2>Recette<\/h2>\n<p class=\"\" data-sku-index=\"0\">\u00c9corces<\/p>\n<p class=\"\" data-sku-index=\"0\">Crabe des neiges*<\/p>\n<p class=\"\" data-sku-index=\"0\">Bourgots<\/p>\n<p class=\"\" data-sku-index=\"0\">poissons (vari\u00e9s) et vers rouges<\/p>\n<\/div>\n","protected":false},"excerpt":{"rendered":"<p>Compost 100% nature;) 0,6 &#8211; 1.8 &#8211; 0.13 Diminuer la compaction des sols argileux facilitant la croissance des plants. Biologie du sol 5 FOIS plus active Aide \u00e0 pr\u00e9venir l&rsquo;acidification du sol. ** Lombricompost marin \u00e0 recourt \u00e0 des vers rouges dans son processus de maturation pour terminer le cylcle de compostage. *** Ne contient [&hellip;]<\/p>\n","protected":false},"featured_media":11995,"template":"","meta":[],"product_cat":[111,97],"product_tag":[],"class_list":{"0":"post-11994","1":"product","2":"type-product","3":"status-publish","4":"has-post-thumbnail","6":"product_cat-compost","7":"product_cat-en-sac","9":"first","10":"instock","11":"shipping-taxable","12":"product-type-simple"},"jetpack_sharing_enabled":true,"_links":{"self":[{"href":"https:\/\/multivracecono.com\/index.php\/wp-json\/wp\/v2\/product\/11994","targetHints":{"allow":["GET"]}}],"collection":[{"href":"https:\/\/multivracecono.com\/index.php\/wp-json\/wp\/v2\/product"}],"about":[{"href":"https:\/\/multivracecono.com\/index.php\/wp-json\/wp\/v2\/types\/product"}],"wp:featuredmedia":[{"embeddable":true,"href":"https:\/\/multivracecono.com\/index.php\/wp-json\/wp\/v2\/media\/11995"}],"wp:attachment":[{"href":"https:\/\/multivracecono.com\/index.php\/wp-json\/wp\/v2\/media?parent=11994"}],"wp:term":[{"taxonomy":"product_cat","embeddable":true,"href":"https:\/\/multivracecono.com\/index.php\/wp-json\/wp\/v2\/product_cat?post=11994"},{"taxonomy":"product_tag","embeddable":true,"href":"https:\/\/multivracecono.com\/index.php\/wp-json\/wp\/v2\/product_tag?post=11994"}],"curies":[{"name":"wp","href":"https:\/\/api.w.org\/{rel}","templated":true}]}}