{"id":11987,"date":"2024-04-03T21:12:36","date_gmt":"2024-04-03T19:12:36","guid":{"rendered":"https:\/\/multivracecono.com\/?post_type=product&#038;p=11987"},"modified":"2024-04-03T21:12:36","modified_gmt":"2024-04-03T19:12:36","slug":"perma-green-universel","status":"publish","type":"product","link":"https:\/\/multivracecono.com\/index.php\/produit\/perma-green-universel\/","title":{"rendered":"PERMA GREEN UNIVERSEL"},"content":{"rendered":"<div class=\"description\">\n<p>M\u00e9lange tout usage pour endroits ensoleill\u00e9s et ombrag\u00e9s.<\/p>\n<p>Requiert peu d&rsquo;entretien.<\/p>\n<\/div>\n<p><b>SKU : <\/b><span class=\"product-sku \" data-sku-index=\"0\">4000049<\/span><\/p>\n<p><b>UPC : <\/b><span class=\"\" data-sku-index=\"0\">0 67882 21692 9<\/span><\/p>\n<p><b>Couverture nouveau semis : <\/b><span class=\"\" data-sku-index=\"0\">750 g couvre 25 m<sup>2<\/sup> \/ 275 pi<sup>2<\/sup><\/span><\/p>\n<p><b>Couverture reensemencement : <\/b><span class=\"\" data-sku-index=\"0\">750 g couvre 40 m<sup>2<\/sup> \/ 425 pi<sup>2<\/sup><\/span><\/p>\n<div class=\"recette\">\n<h2>Recette<\/h2>\n<p class=\"\" data-sku-index=\"0\">66% F\u00e9tuque rouge tra\u00e7ante (Bor\u00e9al) *E enrob\u00e9<\/p>\n<p class=\"\" data-sku-index=\"0\">29% Ray-grass (ivraie) annuel enrob\u00e9<\/p>\n<p class=\"\" data-sku-index=\"0\">5% P\u00e2turin Kentucky (des pr\u00e9s) (Argyle) enrob\u00e9<\/p>\n<\/div>\n","protected":false},"excerpt":{"rendered":"<p>M\u00e9lange tout usage pour endroits ensoleill\u00e9s et ombrag\u00e9s. Requiert peu d&rsquo;entretien. SKU : 4000049 UPC : 0 67882 21692 9 Couverture nouveau semis : 750 g couvre 25 m2 \/ 275 pi2 Couverture reensemencement : 750 g couvre 40 m2 \/ 425 pi2 Recette 66% F\u00e9tuque rouge tra\u00e7ante (Bor\u00e9al) *E enrob\u00e9 29% Ray-grass (ivraie) annuel [&hellip;]<\/p>\n","protected":false},"featured_media":11972,"template":"","meta":[],"product_cat":[106],"product_tag":[],"class_list":{"0":"post-11987","1":"product","2":"type-product","3":"status-publish","4":"has-post-thumbnail","6":"product_cat-semences-de-gazon","8":"first","9":"instock","10":"shipping-taxable","11":"product-type-simple"},"jetpack_sharing_enabled":true,"_links":{"self":[{"href":"https:\/\/multivracecono.com\/index.php\/wp-json\/wp\/v2\/product\/11987","targetHints":{"allow":["GET"]}}],"collection":[{"href":"https:\/\/multivracecono.com\/index.php\/wp-json\/wp\/v2\/product"}],"about":[{"href":"https:\/\/multivracecono.com\/index.php\/wp-json\/wp\/v2\/types\/product"}],"wp:featuredmedia":[{"embeddable":true,"href":"https:\/\/multivracecono.com\/index.php\/wp-json\/wp\/v2\/media\/11972"}],"wp:attachment":[{"href":"https:\/\/multivracecono.com\/index.php\/wp-json\/wp\/v2\/media?parent=11987"}],"wp:term":[{"taxonomy":"product_cat","embeddable":true,"href":"https:\/\/multivracecono.com\/index.php\/wp-json\/wp\/v2\/product_cat?post=11987"},{"taxonomy":"product_tag","embeddable":true,"href":"https:\/\/multivracecono.com\/index.php\/wp-json\/wp\/v2\/product_tag?post=11987"}],"curies":[{"name":"wp","href":"https:\/\/api.w.org\/{rel}","templated":true}]}}