{"id":11985,"date":"2024-04-03T21:09:37","date_gmt":"2024-04-03T19:09:37","guid":{"rendered":"https:\/\/multivracecono.com\/?post_type=product&#038;p=11985"},"modified":"2024-04-03T21:09:37","modified_gmt":"2024-04-03T19:09:37","slug":"herbionik-sos-ombre-intense","status":"publish","type":"product","link":"https:\/\/multivracecono.com\/index.php\/produit\/herbionik-sos-ombre-intense\/","title":{"rendered":"HERBIONIK SOS OMBRE INTENSE"},"content":{"rendered":"<div class=\"description\">\n<p>M\u00e9lange 4 dans 1, id\u00e9al pour regarnir les endroits clairsem\u00e9s de votre pelouse.<\/p>\n<p>Pour r\u00e9parer rapidement tout dommage caus\u00e9 par le sel de d\u00e9gla\u00e7age, les animaux, les insectes, les maladies.<\/p>\n<p>Un m\u00e9lange enti\u00e8rement naturel compos\u00e9 de 54% de compost, 25% d&rsquo;engrais naturel, 20% de semences \u00e0 gazon selectionn\u00e9es de haute qualit\u00e9 et 1% d&rsquo;algues (ascophyllum nodosum)<\/p>\n<p>Germination en 7 \u00e0 10 jours sous conditions favorables*.<\/p>\n<p>* La germination est \u00e0 son meilleur lorsque la temp\u00e9rature du sol oscille entre 14\u00ba C et 25\u00ba C (60\u00ba F et 82\u00ba F) sous une humidit\u00e9 constante.<\/p>\n<p>Econo-H2O (Les semences s\u00e9lectionn\u00e9es aident \u00e0 favoriser une pelouse plus dense et en sant\u00e9 tout en r\u00e9duisant la consommation d&rsquo;eau une fois \u00e0 maturit\u00e9).<\/p>\n<\/div>\n<p><b>SKU : <\/b><span class=\"product-sku \" data-sku-index=\"0\">4000160<\/span><\/p>\n<p><b>UPC : <\/b><span class=\"\" data-sku-index=\"0\">0 87992 21612 1<\/span><\/p>\n<p><b>Couverture nouveau semis : <\/b><span class=\"\" data-sku-index=\"0\">2 kg couvre 15 m<sup>2<\/sup> \/ 160 pi<sup>2<\/sup><\/span><\/p>\n<p><b>Couverture reensemencement : <\/b><span class=\"\" data-sku-index=\"0\">2 kg couvre 15 m<sup>2<\/sup> \/ 160 pi<sup>2<\/sup><\/span><\/p>\n<div class=\"recette\">\n<h2>Recette<\/h2>\n<p class=\"\" data-sku-index=\"0\">20 % de semences \u00e0 gazon Herbionik Ombre intense<\/p>\n<p class=\"\" data-sku-index=\"0\">Compost de feuilles et r\u00e9sidus de jardin<\/p>\n<p class=\"\" data-sku-index=\"0\">Liti\u00e8re de dinde compost\u00e9e<\/p>\n<\/div>\n","protected":false},"excerpt":{"rendered":"<p>M\u00e9lange 4 dans 1, id\u00e9al pour regarnir les endroits clairsem\u00e9s de votre pelouse. Pour r\u00e9parer rapidement tout dommage caus\u00e9 par le sel de d\u00e9gla\u00e7age, les animaux, les insectes, les maladies. Un m\u00e9lange enti\u00e8rement naturel compos\u00e9 de 54% de compost, 25% d&rsquo;engrais naturel, 20% de semences \u00e0 gazon selectionn\u00e9es de haute qualit\u00e9 et 1% d&rsquo;algues (ascophyllum [&hellip;]<\/p>\n","protected":false},"featured_media":11966,"template":"","meta":[],"product_cat":[106],"product_tag":[],"class_list":{"0":"post-11985","1":"product","2":"type-product","3":"status-publish","4":"has-post-thumbnail","6":"product_cat-semences-de-gazon","8":"first","9":"instock","10":"shipping-taxable","11":"product-type-simple"},"jetpack_sharing_enabled":true,"_links":{"self":[{"href":"https:\/\/multivracecono.com\/index.php\/wp-json\/wp\/v2\/product\/11985","targetHints":{"allow":["GET"]}}],"collection":[{"href":"https:\/\/multivracecono.com\/index.php\/wp-json\/wp\/v2\/product"}],"about":[{"href":"https:\/\/multivracecono.com\/index.php\/wp-json\/wp\/v2\/types\/product"}],"wp:featuredmedia":[{"embeddable":true,"href":"https:\/\/multivracecono.com\/index.php\/wp-json\/wp\/v2\/media\/11966"}],"wp:attachment":[{"href":"https:\/\/multivracecono.com\/index.php\/wp-json\/wp\/v2\/media?parent=11985"}],"wp:term":[{"taxonomy":"product_cat","embeddable":true,"href":"https:\/\/multivracecono.com\/index.php\/wp-json\/wp\/v2\/product_cat?post=11985"},{"taxonomy":"product_tag","embeddable":true,"href":"https:\/\/multivracecono.com\/index.php\/wp-json\/wp\/v2\/product_tag?post=11985"}],"curies":[{"name":"wp","href":"https:\/\/api.w.org\/{rel}","templated":true}]}}