{"id":11032,"date":"2017-03-27T16:18:31","date_gmt":"2017-03-27T21:18:31","guid":{"rendered":"http:\/\/multivracecono.com\/?post_type=product&amp;p=11032"},"modified":"2017-03-27T16:18:31","modified_gmt":"2017-03-27T21:18:31","slug":"terre-a-gazon-tourbe-et-semis","status":"publish","type":"product","link":"https:\/\/multivracecono.com\/index.php\/produit\/terre-a-gazon-tourbe-et-semis\/","title":{"rendered":"TERRE \u00c0 GAZON"},"content":{"rendered":"<p>Compos\u00e9e de sable, compost, humus. Id\u00e9al pour semer, pose de tourbe ou<br \/>\nr\u00e9nover la pelouse. Recommand\u00e9 d&rsquo;avoir au minimum 4 pouces de terre de finition<br \/>\nsous la tourbe afin de permettre la croissance de cette derni\u00e8re.<br \/>\n1 V3 = 0.80 Kg<\/p>\n<p><img loading=\"lazy\" decoding=\"async\" class=\"alignnone size-full wp-image-11130\" src=\"http:\/\/multivracecono.com\/wp-content\/uploads\/2017\/03\/pelouse.jpg\" alt=\"pelouse\" width=\"100\" height=\"100\" \/> <img loading=\"lazy\" decoding=\"async\" class=\"alignnone size-full wp-image-11133\" src=\"http:\/\/multivracecono.com\/wp-content\/uploads\/2017\/03\/tourbe.jpg\" alt=\"tourbe\" width=\"170\" height=\"127\" \/><\/p>\n<p>&nbsp;<\/p>\n<p>&nbsp;<\/p>\n","protected":false},"excerpt":{"rendered":"<p>Compos\u00e9e de sable, compost, humus. Id\u00e9al pour semer, pose de tourbe ou r\u00e9nover la pelouse. Recommand\u00e9 d&rsquo;avoir au minimum 4 pouces de terre de finition sous la tourbe afin de permettre la croissance de cette derni\u00e8re. 1 V3 = 0.80 Kg &nbsp; &nbsp;<\/p>\n","protected":false},"featured_media":11271,"template":"","meta":[],"product_cat":[98],"product_tag":[],"class_list":{"0":"post-11032","1":"product","2":"type-product","3":"status-publish","4":"has-post-thumbnail","6":"product_cat-en-vrac","8":"first","9":"instock","10":"shipping-taxable","11":"product-type-simple"},"jetpack_sharing_enabled":true,"_links":{"self":[{"href":"https:\/\/multivracecono.com\/index.php\/wp-json\/wp\/v2\/product\/11032","targetHints":{"allow":["GET"]}}],"collection":[{"href":"https:\/\/multivracecono.com\/index.php\/wp-json\/wp\/v2\/product"}],"about":[{"href":"https:\/\/multivracecono.com\/index.php\/wp-json\/wp\/v2\/types\/product"}],"wp:featuredmedia":[{"embeddable":true,"href":"https:\/\/multivracecono.com\/index.php\/wp-json\/wp\/v2\/media\/11271"}],"wp:attachment":[{"href":"https:\/\/multivracecono.com\/index.php\/wp-json\/wp\/v2\/media?parent=11032"}],"wp:term":[{"taxonomy":"product_cat","embeddable":true,"href":"https:\/\/multivracecono.com\/index.php\/wp-json\/wp\/v2\/product_cat?post=11032"},{"taxonomy":"product_tag","embeddable":true,"href":"https:\/\/multivracecono.com\/index.php\/wp-json\/wp\/v2\/product_tag?post=11032"}],"curies":[{"name":"wp","href":"https:\/\/api.w.org\/{rel}","templated":true}]}}