{"id":11029,"date":"2017-03-27T16:09:22","date_gmt":"2017-03-27T21:09:22","guid":{"rendered":"http:\/\/multivracecono.com\/?post_type=product&amp;p=11029"},"modified":"2017-03-27T16:09:22","modified_gmt":"2017-03-27T21:09:22","slug":"fumier-composte","status":"publish","type":"product","link":"https:\/\/multivracecono.com\/index.php\/produit\/fumier-composte\/","title":{"rendered":"compost v\u00e9g\u00e9tal"},"content":{"rendered":"<p>0.4-0.2-0.2<br \/>\nApport de mati\u00e8re organique. Augmente la r\u00e9tention en eau du sol.<br \/>\nApport de nutriments essentiels aux plantes et aux micro-organismes du sol<br \/>\ncomposition:<br \/>\nCompost (Feuilles,Pelouse,R\u00e9sidus de table et mati\u00e8res ligneuses), Tourbe de sphaigne<\/p>\n<p>N&rsquo;est pas recommand\u00e9 pour faire du terreautage.<br \/>\n1 V3 = 600 Kg<\/p>\n<p>&nbsp;<\/p>\n<p><img loading=\"lazy\" decoding=\"async\" class=\"alignnone size-full wp-image-11129\" src=\"http:\/\/multivracecono.com\/wp-content\/uploads\/2017\/03\/arbres.jpg\" alt=\"arbres\" width=\"158\" height=\"100\" \/> <img loading=\"lazy\" decoding=\"async\" class=\"alignnone size-medium wp-image-11130\" src=\"http:\/\/multivracecono.com\/wp-content\/uploads\/2017\/03\/pelouse.jpg\" alt=\"pelouse\" width=\"100\" height=\"100\" \/> <img loading=\"lazy\" decoding=\"async\" class=\"alignnone size-medium wp-image-11131\" src=\"http:\/\/multivracecono.com\/wp-content\/uploads\/2017\/03\/plate-bande.jpg\" alt=\"plate-bande\" width=\"100\" height=\"100\" \/> <img loading=\"lazy\" decoding=\"async\" class=\"alignnone size-medium wp-image-11132\" src=\"http:\/\/multivracecono.com\/wp-content\/uploads\/2017\/03\/potager.jpg\" alt=\"potager\" width=\"100\" height=\"100\" \/><\/p>\n","protected":false},"excerpt":{"rendered":"<p>0.4-0.2-0.2 Apport de mati\u00e8re organique. Augmente la r\u00e9tention en eau du sol. Apport de nutriments essentiels aux plantes et aux micro-organismes du sol composition: Compost (Feuilles,Pelouse,R\u00e9sidus de table et mati\u00e8res ligneuses), Tourbe de sphaigne N&rsquo;est pas recommand\u00e9 pour faire du terreautage. 1 V3 = 600 Kg &nbsp;<\/p>\n","protected":false},"featured_media":11274,"template":"","meta":[],"product_cat":[98],"product_tag":[],"class_list":{"0":"post-11029","1":"product","2":"type-product","3":"status-publish","4":"has-post-thumbnail","6":"product_cat-en-vrac","8":"first","9":"instock","10":"shipping-taxable","11":"product-type-simple"},"jetpack_sharing_enabled":true,"_links":{"self":[{"href":"https:\/\/multivracecono.com\/index.php\/wp-json\/wp\/v2\/product\/11029","targetHints":{"allow":["GET"]}}],"collection":[{"href":"https:\/\/multivracecono.com\/index.php\/wp-json\/wp\/v2\/product"}],"about":[{"href":"https:\/\/multivracecono.com\/index.php\/wp-json\/wp\/v2\/types\/product"}],"wp:featuredmedia":[{"embeddable":true,"href":"https:\/\/multivracecono.com\/index.php\/wp-json\/wp\/v2\/media\/11274"}],"wp:attachment":[{"href":"https:\/\/multivracecono.com\/index.php\/wp-json\/wp\/v2\/media?parent=11029"}],"wp:term":[{"taxonomy":"product_cat","embeddable":true,"href":"https:\/\/multivracecono.com\/index.php\/wp-json\/wp\/v2\/product_cat?post=11029"},{"taxonomy":"product_tag","embeddable":true,"href":"https:\/\/multivracecono.com\/index.php\/wp-json\/wp\/v2\/product_tag?post=11029"}],"curies":[{"name":"wp","href":"https:\/\/api.w.org\/{rel}","templated":true}]}}