{"id":11027,"date":"2017-03-27T16:07:51","date_gmt":"2017-03-27T21:07:51","guid":{"rendered":"http:\/\/multivracecono.com\/?post_type=product&amp;p=11027"},"modified":"2017-03-27T16:07:51","modified_gmt":"2017-03-27T21:07:51","slug":"paillis-de-cedre-naturel-brun-noir-rouge","status":"publish","type":"product","link":"https:\/\/multivracecono.com\/index.php\/produit\/paillis-de-cedre-naturel-brun-noir-rouge\/","title":{"rendered":"PAILLIS DE C\u00c8DRE ROUGE, BRUN, NOIR, NATUREL."},"content":{"rendered":"<p>Contr\u00f4le des mauvaises herbes de<br \/>\n80 % \u00e0 90 % si l&rsquo;\u00e9paisseur recommand\u00e9e<br \/>\nde 4 po est respect\u00e9e.<br \/>\nAide \u00e0 maintenir l&rsquo;humidit\u00e9 du sol.<\/p>\n","protected":false},"excerpt":{"rendered":"<p>Contr\u00f4le des mauvaises herbes de 80 % \u00e0 90 % si l&rsquo;\u00e9paisseur recommand\u00e9e de 4 po est respect\u00e9e. Aide \u00e0 maintenir l&rsquo;humidit\u00e9 du sol.<\/p>\n","protected":false},"featured_media":11276,"template":"","meta":[],"product_cat":[98],"product_tag":[],"class_list":{"0":"post-11027","1":"product","2":"type-product","3":"status-publish","4":"has-post-thumbnail","6":"product_cat-en-vrac","8":"first","9":"instock","10":"shipping-taxable","11":"product-type-simple"},"jetpack_sharing_enabled":true,"_links":{"self":[{"href":"https:\/\/multivracecono.com\/index.php\/wp-json\/wp\/v2\/product\/11027","targetHints":{"allow":["GET"]}}],"collection":[{"href":"https:\/\/multivracecono.com\/index.php\/wp-json\/wp\/v2\/product"}],"about":[{"href":"https:\/\/multivracecono.com\/index.php\/wp-json\/wp\/v2\/types\/product"}],"wp:featuredmedia":[{"embeddable":true,"href":"https:\/\/multivracecono.com\/index.php\/wp-json\/wp\/v2\/media\/11276"}],"wp:attachment":[{"href":"https:\/\/multivracecono.com\/index.php\/wp-json\/wp\/v2\/media?parent=11027"}],"wp:term":[{"taxonomy":"product_cat","embeddable":true,"href":"https:\/\/multivracecono.com\/index.php\/wp-json\/wp\/v2\/product_cat?post=11027"},{"taxonomy":"product_tag","embeddable":true,"href":"https:\/\/multivracecono.com\/index.php\/wp-json\/wp\/v2\/product_tag?post=11027"}],"curies":[{"name":"wp","href":"https:\/\/api.w.org\/{rel}","templated":true}]}}