{"id":11022,"date":"2017-03-27T16:01:41","date_gmt":"2017-03-27T21:01:41","guid":{"rendered":"http:\/\/multivracecono.com\/?post_type=product&amp;p=11022"},"modified":"2017-03-27T16:01:41","modified_gmt":"2017-03-27T21:01:41","slug":"agregats-granit-rose","status":"publish","type":"product","link":"https:\/\/multivracecono.com\/index.php\/produit\/agregats-granit-rose\/","title":{"rendered":"AGR\u00c9GATS ( 1\/4 po. \u00e0 1\/2 po.) GRANITE"},"content":{"rendered":"<p>1\/4 po\u00a0 \u00e0 1\/2 po. Net Granite<br \/>\nAgr\u00e9gats servant \u00e0 rechausser l&rsquo;entr\u00e9e d&rsquo;auto<br \/>\nou le contour de piscine.<br \/>\n1V3 = 1.5 Kg<\/p>\n","protected":false},"excerpt":{"rendered":"<p>1\/4 po\u00a0 \u00e0 1\/2 po. Net Granite Agr\u00e9gats servant \u00e0 rechausser l&rsquo;entr\u00e9e d&rsquo;auto ou le contour de piscine. 1V3 = 1.5 Kg<\/p>\n","protected":false},"featured_media":11283,"template":"","meta":[],"product_cat":[98],"product_tag":[],"class_list":{"0":"post-11022","1":"product","2":"type-product","3":"status-publish","4":"has-post-thumbnail","6":"product_cat-en-vrac","8":"first","9":"instock","10":"shipping-taxable","11":"product-type-simple"},"jetpack_sharing_enabled":true,"_links":{"self":[{"href":"https:\/\/multivracecono.com\/index.php\/wp-json\/wp\/v2\/product\/11022","targetHints":{"allow":["GET"]}}],"collection":[{"href":"https:\/\/multivracecono.com\/index.php\/wp-json\/wp\/v2\/product"}],"about":[{"href":"https:\/\/multivracecono.com\/index.php\/wp-json\/wp\/v2\/types\/product"}],"wp:featuredmedia":[{"embeddable":true,"href":"https:\/\/multivracecono.com\/index.php\/wp-json\/wp\/v2\/media\/11283"}],"wp:attachment":[{"href":"https:\/\/multivracecono.com\/index.php\/wp-json\/wp\/v2\/media?parent=11022"}],"wp:term":[{"taxonomy":"product_cat","embeddable":true,"href":"https:\/\/multivracecono.com\/index.php\/wp-json\/wp\/v2\/product_cat?post=11022"},{"taxonomy":"product_tag","embeddable":true,"href":"https:\/\/multivracecono.com\/index.php\/wp-json\/wp\/v2\/product_tag?post=11022"}],"curies":[{"name":"wp","href":"https:\/\/api.w.org\/{rel}","templated":true}]}}