{"id":11020,"date":"2017-03-27T15:59:54","date_gmt":"2017-03-27T20:59:54","guid":{"rendered":"http:\/\/multivracecono.com\/?post_type=product&amp;p=11020"},"modified":"2017-03-27T15:59:54","modified_gmt":"2017-03-27T20:59:54","slug":"pierres-decoratives-galets-de-riviere-1-12-a-3-pouces","status":"publish","type":"product","link":"https:\/\/multivracecono.com\/index.php\/produit\/pierres-decoratives-galets-de-riviere-1-12-a-3-pouces\/","title":{"rendered":"GALETS DE RIVI\u00c8RE 1 \u00e0 2 pouces"},"content":{"rendered":"<p>1 \u00e0 2 pouces couvre 50 \u00e0 60 pi 2.<br \/>\n1V3 = 1.5 Kg<\/p>\n","protected":false},"excerpt":{"rendered":"<p>1 \u00e0 2 pouces couvre 50 \u00e0 60 pi 2. 1V3 = 1.5 Kg<\/p>\n","protected":false},"featured_media":11287,"template":"","meta":[],"product_cat":[98],"product_tag":[],"class_list":{"0":"post-11020","1":"product","2":"type-product","3":"status-publish","4":"has-post-thumbnail","6":"product_cat-en-vrac","8":"first","9":"instock","10":"shipping-taxable","11":"product-type-simple"},"jetpack_sharing_enabled":true,"_links":{"self":[{"href":"https:\/\/multivracecono.com\/index.php\/wp-json\/wp\/v2\/product\/11020","targetHints":{"allow":["GET"]}}],"collection":[{"href":"https:\/\/multivracecono.com\/index.php\/wp-json\/wp\/v2\/product"}],"about":[{"href":"https:\/\/multivracecono.com\/index.php\/wp-json\/wp\/v2\/types\/product"}],"wp:featuredmedia":[{"embeddable":true,"href":"https:\/\/multivracecono.com\/index.php\/wp-json\/wp\/v2\/media\/11287"}],"wp:attachment":[{"href":"https:\/\/multivracecono.com\/index.php\/wp-json\/wp\/v2\/media?parent=11020"}],"wp:term":[{"taxonomy":"product_cat","embeddable":true,"href":"https:\/\/multivracecono.com\/index.php\/wp-json\/wp\/v2\/product_cat?post=11020"},{"taxonomy":"product_tag","embeddable":true,"href":"https:\/\/multivracecono.com\/index.php\/wp-json\/wp\/v2\/product_tag?post=11020"}],"curies":[{"name":"wp","href":"https:\/\/api.w.org\/{rel}","templated":true}]}}