{"id":10897,"date":"2017-03-22T19:49:05","date_gmt":"2017-03-23T00:49:05","guid":{"rendered":"http:\/\/multivracecono.com\/?product=engrais-pour-pelouse-enracineur-engrais-12-24-8"},"modified":"2017-03-22T19:49:05","modified_gmt":"2017-03-23T00:49:05","slug":"engrais-pour-pelouse-enracineur-engrais-12-24-8","status":"publish","type":"product","link":"https:\/\/multivracecono.com\/index.php\/produit\/engrais-pour-pelouse-enracineur-engrais-12-24-8\/","title":{"rendered":"ENGRAIS POUR PELOUSE ENRACINEUR                                        ENGRAIS 12-24-8"},"content":{"rendered":"<p>&#8211; Am\u00e9liore l&rsquo;enracinement du gazon sem\u00e9 ou en plaques<br \/>\n&#8211; 21% de l&rsquo;azote est \u00e0 d\u00e9gagement lent pour une fertilisation prolong\u00e9e<\/p>\n<p>Tags: PROJET PELOUSE<\/p>\n","protected":false},"excerpt":{"rendered":"<p>&#8211; Am\u00e9liore l&rsquo;enracinement du gazon sem\u00e9 ou en plaques &#8211; 21% de l&rsquo;azote est \u00e0 d\u00e9gagement lent pour une fertilisation prolong\u00e9e Tags: PROJET PELOUSE<\/p>\n","protected":false},"featured_media":10898,"template":"","meta":[],"product_cat":[97,100],"product_tag":[],"class_list":{"0":"post-10897","1":"product","2":"type-product","3":"status-publish","4":"has-post-thumbnail","6":"product_cat-en-sac","7":"product_cat-engrais-granule","9":"first","10":"instock","11":"shipping-taxable","12":"product-type-simple"},"jetpack_sharing_enabled":true,"_links":{"self":[{"href":"https:\/\/multivracecono.com\/index.php\/wp-json\/wp\/v2\/product\/10897","targetHints":{"allow":["GET"]}}],"collection":[{"href":"https:\/\/multivracecono.com\/index.php\/wp-json\/wp\/v2\/product"}],"about":[{"href":"https:\/\/multivracecono.com\/index.php\/wp-json\/wp\/v2\/types\/product"}],"wp:featuredmedia":[{"embeddable":true,"href":"https:\/\/multivracecono.com\/index.php\/wp-json\/wp\/v2\/media\/10898"}],"wp:attachment":[{"href":"https:\/\/multivracecono.com\/index.php\/wp-json\/wp\/v2\/media?parent=10897"}],"wp:term":[{"taxonomy":"product_cat","embeddable":true,"href":"https:\/\/multivracecono.com\/index.php\/wp-json\/wp\/v2\/product_cat?post=10897"},{"taxonomy":"product_tag","embeddable":true,"href":"https:\/\/multivracecono.com\/index.php\/wp-json\/wp\/v2\/product_tag?post=10897"}],"curies":[{"name":"wp","href":"https:\/\/api.w.org\/{rel}","templated":true}]}}