{"id":10871,"date":"2017-03-22T19:47:45","date_gmt":"2017-03-23T00:47:45","guid":{"rendered":"http:\/\/multivracecono.com\/?product=engrais-naturel-pour-jardin-de-legumes-engrais-4-3-7"},"modified":"2017-03-22T19:47:45","modified_gmt":"2017-03-23T00:47:45","slug":"engrais-naturel-pour-jardin-de-legumes-engrais-4-3-7","status":"publish","type":"product","link":"https:\/\/multivracecono.com\/index.php\/produit\/engrais-naturel-pour-jardin-de-legumes-engrais-4-3-7\/","title":{"rendered":"ENGRAIS NATUREL POUR JARDIN DE L\u00c9GUMES                                        ENGRAIS 4-3-7"},"content":{"rendered":"<p>INGR\u00c9DIENTS :<br \/>\n&#8211; Fumier de poule, soufre, sulfate de pothassium,farine de plumes<br \/>\n&#8211; Maintient un niveau de pH bas<br \/>\n&#8211; Intensifie la couleur des azal\u00e9es, rhododendrons et hydrang\u00e9es bleues<br \/>\n&#8211; favorise une r\u00e9colte abondante de petit fruits<\/p>\n<p>Tags: PROJET PLATE-BANDE, PROJET JARDINERIE, PROJET INT\u00c9RIEUR<\/p>\n","protected":false},"excerpt":{"rendered":"<p>INGR\u00c9DIENTS : &#8211; Fumier de poule, soufre, sulfate de pothassium,farine de plumes &#8211; Maintient un niveau de pH bas &#8211; Intensifie la couleur des azal\u00e9es, rhododendrons et hydrang\u00e9es bleues &#8211; favorise une r\u00e9colte abondante de petit fruits Tags: PROJET PLATE-BANDE, PROJET JARDINERIE, PROJET INT\u00c9RIEUR<\/p>\n","protected":false},"featured_media":10872,"template":"","meta":[],"product_cat":[97,99],"product_tag":[],"class_list":{"0":"post-10871","1":"product","2":"type-product","3":"status-publish","4":"has-post-thumbnail","6":"product_cat-en-sac","7":"product_cat-engrais","9":"first","10":"instock","11":"shipping-taxable","12":"product-type-simple"},"jetpack_sharing_enabled":true,"_links":{"self":[{"href":"https:\/\/multivracecono.com\/index.php\/wp-json\/wp\/v2\/product\/10871","targetHints":{"allow":["GET"]}}],"collection":[{"href":"https:\/\/multivracecono.com\/index.php\/wp-json\/wp\/v2\/product"}],"about":[{"href":"https:\/\/multivracecono.com\/index.php\/wp-json\/wp\/v2\/types\/product"}],"wp:featuredmedia":[{"embeddable":true,"href":"https:\/\/multivracecono.com\/index.php\/wp-json\/wp\/v2\/media\/10872"}],"wp:attachment":[{"href":"https:\/\/multivracecono.com\/index.php\/wp-json\/wp\/v2\/media?parent=10871"}],"wp:term":[{"taxonomy":"product_cat","embeddable":true,"href":"https:\/\/multivracecono.com\/index.php\/wp-json\/wp\/v2\/product_cat?post=10871"},{"taxonomy":"product_tag","embeddable":true,"href":"https:\/\/multivracecono.com\/index.php\/wp-json\/wp\/v2\/product_tag?post=10871"}],"curies":[{"name":"wp","href":"https:\/\/api.w.org\/{rel}","templated":true}]}}