{"id":10855,"date":"2017-03-22T19:47:07","date_gmt":"2017-03-23T00:47:07","guid":{"rendered":"http:\/\/multivracecono.com\/?product=engrais-tout-usage-fertilo-fertilo-5-3-3-2"},"modified":"2017-03-22T19:47:07","modified_gmt":"2017-03-23T00:47:07","slug":"engrais-tout-usage-fertilo-fertilo-5-3-3-2","status":"publish","type":"product","link":"https:\/\/multivracecono.com\/index.php\/produit\/engrais-tout-usage-fertilo-fertilo-5-3-3-2\/","title":{"rendered":"ENGRAIS TOUT USAGE FERTILO                                          FERTILO  5-3-3"},"content":{"rendered":"<p>INGR\u00c9DIENTS :<br \/>\n&#8211; Fumier de poule pondeuse d\u00e9sydrat\u00e9 et granul\u00e9<\/p>\n<p>&#8211; Constitue une excellente source de calcium<br \/>\n&#8211; convient parfaitement pour le 113tage de la pelouse, le potager et les plate-bandes<\/p>\n<p>Tags: PROJET PLATE-BANDE, PROJET POTAGER, PROJET JARDINERIE, PROJET PELOUSE<\/p>\n","protected":false},"excerpt":{"rendered":"<p>INGR\u00c9DIENTS : &#8211; Fumier de poule pondeuse d\u00e9sydrat\u00e9 et granul\u00e9 &#8211; Constitue une excellente source de calcium &#8211; convient parfaitement pour le 113tage de la pelouse, le potager et les plate-bandes Tags: PROJET PLATE-BANDE, PROJET POTAGER, PROJET JARDINERIE, PROJET PELOUSE<\/p>\n","protected":false},"featured_media":10856,"template":"","meta":[],"product_cat":[97,99],"product_tag":[],"class_list":{"0":"post-10855","1":"product","2":"type-product","3":"status-publish","4":"has-post-thumbnail","6":"product_cat-en-sac","7":"product_cat-engrais","9":"first","10":"instock","11":"shipping-taxable","12":"product-type-simple"},"jetpack_sharing_enabled":true,"_links":{"self":[{"href":"https:\/\/multivracecono.com\/index.php\/wp-json\/wp\/v2\/product\/10855","targetHints":{"allow":["GET"]}}],"collection":[{"href":"https:\/\/multivracecono.com\/index.php\/wp-json\/wp\/v2\/product"}],"about":[{"href":"https:\/\/multivracecono.com\/index.php\/wp-json\/wp\/v2\/types\/product"}],"wp:featuredmedia":[{"embeddable":true,"href":"https:\/\/multivracecono.com\/index.php\/wp-json\/wp\/v2\/media\/10856"}],"wp:attachment":[{"href":"https:\/\/multivracecono.com\/index.php\/wp-json\/wp\/v2\/media?parent=10855"}],"wp:term":[{"taxonomy":"product_cat","embeddable":true,"href":"https:\/\/multivracecono.com\/index.php\/wp-json\/wp\/v2\/product_cat?post=10855"},{"taxonomy":"product_tag","embeddable":true,"href":"https:\/\/multivracecono.com\/index.php\/wp-json\/wp\/v2\/product_tag?post=10855"}],"curies":[{"name":"wp","href":"https:\/\/api.w.org\/{rel}","templated":true}]}}