{"id":10848,"date":"2017-03-22T19:47:02","date_gmt":"2017-03-23T00:47:02","guid":{"rendered":"http:\/\/multivracecono.com\/?product=farine-dos-granulee-fertilo-4-10-0"},"modified":"2024-04-03T21:20:51","modified_gmt":"2024-04-03T19:20:51","slug":"farine-dos-granulee-fertilo-4-10-0","status":"publish","type":"product","link":"https:\/\/multivracecono.com\/index.php\/produit\/farine-dos-granulee-fertilo-4-10-0\/","title":{"rendered":"FARINE D&rsquo;OS GRANUL\u00c9E FERTILO  4-10-0"},"content":{"rendered":"<p>&#8211; Id\u00e9ale pour la transplantation de plates et de bulbes.<br \/>\n&#8211; Enrichie en calcium, pour une croissance saine et un bon d\u00e9veloppement des racines.<br \/>\n&#8211; D\u00e9riv\u00e9e de source naturelle.<br \/>\nPROJET PLATE-BANDE<\/p>\n<p>Tags: PROJET PLATE-BANDE, PROJET POTAGER, PROJET PELOUSE<\/p>\n","protected":false},"excerpt":{"rendered":"<p>&#8211; Id\u00e9ale pour la transplantation de plates et de bulbes. &#8211; Enrichie en calcium, pour une croissance saine et un bon d\u00e9veloppement des racines. &#8211; D\u00e9riv\u00e9e de source naturelle. PROJET PLATE-BANDE Tags: PROJET PLATE-BANDE, PROJET POTAGER, PROJET PELOUSE<\/p>\n","protected":false},"featured_media":11991,"template":"","meta":[],"product_cat":[96,99],"product_tag":[],"class_list":{"0":"post-10848","1":"product","2":"type-product","3":"status-publish","4":"has-post-thumbnail","6":"product_cat-autres","7":"product_cat-engrais","9":"first","10":"instock","11":"shipping-taxable","12":"product-type-simple"},"jetpack_sharing_enabled":true,"_links":{"self":[{"href":"https:\/\/multivracecono.com\/index.php\/wp-json\/wp\/v2\/product\/10848","targetHints":{"allow":["GET"]}}],"collection":[{"href":"https:\/\/multivracecono.com\/index.php\/wp-json\/wp\/v2\/product"}],"about":[{"href":"https:\/\/multivracecono.com\/index.php\/wp-json\/wp\/v2\/types\/product"}],"wp:featuredmedia":[{"embeddable":true,"href":"https:\/\/multivracecono.com\/index.php\/wp-json\/wp\/v2\/media\/11991"}],"wp:attachment":[{"href":"https:\/\/multivracecono.com\/index.php\/wp-json\/wp\/v2\/media?parent=10848"}],"wp:term":[{"taxonomy":"product_cat","embeddable":true,"href":"https:\/\/multivracecono.com\/index.php\/wp-json\/wp\/v2\/product_cat?post=10848"},{"taxonomy":"product_tag","embeddable":true,"href":"https:\/\/multivracecono.com\/index.php\/wp-json\/wp\/v2\/product_tag?post=10848"}],"curies":[{"name":"wp","href":"https:\/\/api.w.org\/{rel}","templated":true}]}}