{"id":10844,"date":"2017-03-22T19:46:50","date_gmt":"2017-03-23T00:46:50","guid":{"rendered":"http:\/\/multivracecono.com\/?product=engrais-pour-arbres-et-coniferes-fertilo-14-7-14"},"modified":"2017-03-22T19:46:50","modified_gmt":"2017-03-23T00:46:50","slug":"engrais-pour-arbres-et-coniferes-fertilo-14-7-14","status":"publish","type":"product","link":"https:\/\/multivracecono.com\/index.php\/produit\/engrais-pour-arbres-et-coniferes-fertilo-14-7-14\/","title":{"rendered":"ENGRAIS POUR ARBRES ET CONIF\u00c8RES                                        FERTILO  14-7-14"},"content":{"rendered":"<p>&#8211; Formule compl\u00e8te avec des oligo-\u00e9l\u00e9ments pour une croissance optimal des arbres, arbustes<br \/>\net conif\u00e8res<br \/>\n&#8211; Aide \u00e0 maintenir une croissance saine et favorise un bon d\u00e9veloppement racinaire.<br \/>\n&#8211; Contient 50% d&rsquo;azote \u00e0 lib\u00e9ration progressive pour une fertilisation de longue dur\u00e9e.<br \/>\n&#8211; Produit \u00e0 base organique.<\/p>\n<p>Tags: PROJET PLATE-BANDE, PROJET POTAGER, PROJET PELOUSE<\/p>\n","protected":false},"excerpt":{"rendered":"<p>&#8211; Formule compl\u00e8te avec des oligo-\u00e9l\u00e9ments pour une croissance optimal des arbres, arbustes et conif\u00e8res &#8211; Aide \u00e0 maintenir une croissance saine et favorise un bon d\u00e9veloppement racinaire. &#8211; Contient 50% d&rsquo;azote \u00e0 lib\u00e9ration progressive pour une fertilisation de longue dur\u00e9e. &#8211; Produit \u00e0 base organique. Tags: PROJET PLATE-BANDE, PROJET POTAGER, PROJET PELOUSE<\/p>\n","protected":false},"featured_media":10845,"template":"","meta":[],"product_cat":[97,99],"product_tag":[],"class_list":{"0":"post-10844","1":"product","2":"type-product","3":"status-publish","4":"has-post-thumbnail","6":"product_cat-en-sac","7":"product_cat-engrais","9":"first","10":"instock","11":"shipping-taxable","12":"product-type-simple"},"jetpack_sharing_enabled":true,"_links":{"self":[{"href":"https:\/\/multivracecono.com\/index.php\/wp-json\/wp\/v2\/product\/10844","targetHints":{"allow":["GET"]}}],"collection":[{"href":"https:\/\/multivracecono.com\/index.php\/wp-json\/wp\/v2\/product"}],"about":[{"href":"https:\/\/multivracecono.com\/index.php\/wp-json\/wp\/v2\/types\/product"}],"wp:featuredmedia":[{"embeddable":true,"href":"https:\/\/multivracecono.com\/index.php\/wp-json\/wp\/v2\/media\/10845"}],"wp:attachment":[{"href":"https:\/\/multivracecono.com\/index.php\/wp-json\/wp\/v2\/media?parent=10844"}],"wp:term":[{"taxonomy":"product_cat","embeddable":true,"href":"https:\/\/multivracecono.com\/index.php\/wp-json\/wp\/v2\/product_cat?post=10844"},{"taxonomy":"product_tag","embeddable":true,"href":"https:\/\/multivracecono.com\/index.php\/wp-json\/wp\/v2\/product_tag?post=10844"}],"curies":[{"name":"wp","href":"https:\/\/api.w.org\/{rel}","templated":true}]}}