{"id":10843,"date":"2017-03-22T19:46:50","date_gmt":"2017-03-23T00:46:50","guid":{"rendered":"http:\/\/multivracecono.com\/?product=engrais-pour-rosiers-fertilo-7-11-10"},"modified":"2017-03-22T19:46:50","modified_gmt":"2017-03-23T00:46:50","slug":"engrais-pour-rosiers-fertilo-7-11-10","status":"publish","type":"product","link":"https:\/\/multivracecono.com\/index.php\/produit\/engrais-pour-rosiers-fertilo-7-11-10\/","title":{"rendered":"ENGRAIS POUR ROSIERS                                        FERTILO  7-11-10"},"content":{"rendered":"<p>&#8211; Formule compl\u00e8te avec aligo-\u00e9l\u00e9ments favorisant la production de fleurs abondantes et color\u00e9es<br \/>\n&#8211; Aide \u00e0 maintenir une croissance saine et favorise un bon d\u00e9veloppement racinaire<br \/>\n&#8211; Contient 25% d&rsquo;azote \u00e0 lib\u00e9ration progressive pour une fertilisation de longue dur\u00e9e.<br \/>\n&#8211; Produit \u00e0 base organique<\/p>\n<p>Tags: PROJET PLATE-BANDE, PROJET POTAGER<\/p>\n","protected":false},"excerpt":{"rendered":"<p>&#8211; Formule compl\u00e8te avec aligo-\u00e9l\u00e9ments favorisant la production de fleurs abondantes et color\u00e9es &#8211; Aide \u00e0 maintenir une croissance saine et favorise un bon d\u00e9veloppement racinaire &#8211; Contient 25% d&rsquo;azote \u00e0 lib\u00e9ration progressive pour une fertilisation de longue dur\u00e9e. &#8211; Produit \u00e0 base organique Tags: PROJET PLATE-BANDE, PROJET POTAGER<\/p>\n","protected":false},"featured_media":0,"template":"","meta":[],"product_cat":[96,99],"product_tag":[],"class_list":{"0":"post-10843","1":"product","2":"type-product","3":"status-publish","5":"product_cat-autres","6":"product_cat-engrais","8":"first","9":"instock","10":"shipping-taxable","11":"product-type-simple"},"jetpack_sharing_enabled":true,"_links":{"self":[{"href":"https:\/\/multivracecono.com\/index.php\/wp-json\/wp\/v2\/product\/10843","targetHints":{"allow":["GET"]}}],"collection":[{"href":"https:\/\/multivracecono.com\/index.php\/wp-json\/wp\/v2\/product"}],"about":[{"href":"https:\/\/multivracecono.com\/index.php\/wp-json\/wp\/v2\/types\/product"}],"wp:attachment":[{"href":"https:\/\/multivracecono.com\/index.php\/wp-json\/wp\/v2\/media?parent=10843"}],"wp:term":[{"taxonomy":"product_cat","embeddable":true,"href":"https:\/\/multivracecono.com\/index.php\/wp-json\/wp\/v2\/product_cat?post=10843"},{"taxonomy":"product_tag","embeddable":true,"href":"https:\/\/multivracecono.com\/index.php\/wp-json\/wp\/v2\/product_tag?post=10843"}],"curies":[{"name":"wp","href":"https:\/\/api.w.org\/{rel}","templated":true}]}}