{"id":10836,"date":"2017-03-22T19:46:28","date_gmt":"2017-03-23T00:46:28","guid":{"rendered":"http:\/\/multivracecono.com\/?product=esemble-pour-terrarium"},"modified":"2017-03-22T19:46:28","modified_gmt":"2017-03-23T00:46:28","slug":"esemble-pour-terrarium","status":"publish","type":"product","link":"https:\/\/multivracecono.com\/index.php\/produit\/esemble-pour-terrarium\/","title":{"rendered":"ESEMBLE POUR TERRARIUM"},"content":{"rendered":"<p>INGR\u00c9DIENTS :<br \/>\n&#8211; Terre noire (humus), fibre de noix coco, sable, biochar, tourbe de sphaigne, agent mouillant,<br \/>\nchaux, 115<\/p>\n<p>&#8211; Sac de 113, sac de mousse de sphaigne, sac de p\u00eeerres d\u00e9coratives<\/p>\n<p>Tags: PROJET INT\u00c9RIEUR<\/p>\n","protected":false},"excerpt":{"rendered":"<p>INGR\u00c9DIENTS : &#8211; Terre noire (humus), fibre de noix coco, sable, biochar, tourbe de sphaigne, agent mouillant, chaux, 115 &#8211; Sac de 113, sac de mousse de sphaigne, sac de p\u00eeerres d\u00e9coratives Tags: PROJET INT\u00c9RIEUR<\/p>\n","protected":false},"featured_media":10837,"template":"","meta":[],"product_cat":[97,108],"product_tag":[],"class_list":{"0":"post-10836","1":"product","2":"type-product","3":"status-publish","4":"has-post-thumbnail","6":"product_cat-en-sac","7":"product_cat-terreau","9":"first","10":"instock","11":"shipping-taxable","12":"product-type-simple"},"jetpack_sharing_enabled":true,"_links":{"self":[{"href":"https:\/\/multivracecono.com\/index.php\/wp-json\/wp\/v2\/product\/10836","targetHints":{"allow":["GET"]}}],"collection":[{"href":"https:\/\/multivracecono.com\/index.php\/wp-json\/wp\/v2\/product"}],"about":[{"href":"https:\/\/multivracecono.com\/index.php\/wp-json\/wp\/v2\/types\/product"}],"wp:featuredmedia":[{"embeddable":true,"href":"https:\/\/multivracecono.com\/index.php\/wp-json\/wp\/v2\/media\/10837"}],"wp:attachment":[{"href":"https:\/\/multivracecono.com\/index.php\/wp-json\/wp\/v2\/media?parent=10836"}],"wp:term":[{"taxonomy":"product_cat","embeddable":true,"href":"https:\/\/multivracecono.com\/index.php\/wp-json\/wp\/v2\/product_cat?post=10836"},{"taxonomy":"product_tag","embeddable":true,"href":"https:\/\/multivracecono.com\/index.php\/wp-json\/wp\/v2\/product_tag?post=10836"}],"curies":[{"name":"wp","href":"https:\/\/api.w.org\/{rel}","templated":true}]}}