{"id":10834,"date":"2017-03-22T19:46:23","date_gmt":"2017-03-23T00:46:23","guid":{"rendered":"http:\/\/multivracecono.com\/?product=terreau-connaisseur-pour-plante-dinterieur-035-02-015-2"},"modified":"2017-03-22T19:46:23","modified_gmt":"2017-03-23T00:46:23","slug":"terreau-connaisseur-pour-plante-dinterieur-035-02-015-2","status":"publish","type":"product","link":"https:\/\/multivracecono.com\/index.php\/produit\/terreau-connaisseur-pour-plante-dinterieur-035-02-015-2\/","title":{"rendered":"TERREAU CONNAISSEUR POUR PLANTE D&rsquo;INT\u00c9RIEUR 0,35-0,2-0,15"},"content":{"rendered":"<p>INGR\u00c9DIENTS :<br \/>\n&#8211; Tourbe de sphaigne, terre noire (humus), fibre de noix de coco, perlite, sable, chaux, 115<\/p>\n<p>&#8211; Requiert un arrosage moins fr\u00e9quent gr\u00e2ce \u00e0 la fibre de noix de coco qui retient l&rsquo;eau<br \/>\n&#8211; Enrichi d&rsquo;engraisnaturel<\/p>\n<p>Tags: PROJET INT\u00c9RIEUR<\/p>\n","protected":false},"excerpt":{"rendered":"<p>INGR\u00c9DIENTS : &#8211; Tourbe de sphaigne, terre noire (humus), fibre de noix de coco, perlite, sable, chaux, 115 &#8211; Requiert un arrosage moins fr\u00e9quent gr\u00e2ce \u00e0 la fibre de noix de coco qui retient l&rsquo;eau &#8211; Enrichi d&rsquo;engraisnaturel Tags: PROJET INT\u00c9RIEUR<\/p>\n","protected":false},"featured_media":10835,"template":"","meta":[],"product_cat":[97,108],"product_tag":[],"class_list":{"0":"post-10834","1":"product","2":"type-product","3":"status-publish","4":"has-post-thumbnail","6":"product_cat-en-sac","7":"product_cat-terreau","9":"first","10":"instock","11":"shipping-taxable","12":"product-type-simple"},"jetpack_sharing_enabled":true,"_links":{"self":[{"href":"https:\/\/multivracecono.com\/index.php\/wp-json\/wp\/v2\/product\/10834","targetHints":{"allow":["GET"]}}],"collection":[{"href":"https:\/\/multivracecono.com\/index.php\/wp-json\/wp\/v2\/product"}],"about":[{"href":"https:\/\/multivracecono.com\/index.php\/wp-json\/wp\/v2\/types\/product"}],"wp:featuredmedia":[{"embeddable":true,"href":"https:\/\/multivracecono.com\/index.php\/wp-json\/wp\/v2\/media\/10835"}],"wp:attachment":[{"href":"https:\/\/multivracecono.com\/index.php\/wp-json\/wp\/v2\/media?parent=10834"}],"wp:term":[{"taxonomy":"product_cat","embeddable":true,"href":"https:\/\/multivracecono.com\/index.php\/wp-json\/wp\/v2\/product_cat?post=10834"},{"taxonomy":"product_tag","embeddable":true,"href":"https:\/\/multivracecono.com\/index.php\/wp-json\/wp\/v2\/product_tag?post=10834"}],"curies":[{"name":"wp","href":"https:\/\/api.w.org\/{rel}","templated":true}]}}