{"id":10827,"date":"2017-03-22T19:46:06","date_gmt":"2017-03-23T00:46:06","guid":{"rendered":"http:\/\/multivracecono.com\/?product=perlite"},"modified":"2017-03-22T19:46:06","modified_gmt":"2017-03-23T00:46:06","slug":"perlite","status":"publish","type":"product","link":"https:\/\/multivracecono.com\/index.php\/produit\/perlite\/","title":{"rendered":"PERLITE"},"content":{"rendered":"<p>&#8211; Am\u00e9liore le drainage des sols lourds<br \/>\n&#8211; Ingr\u00e9dient pour 113x d&#8217;empotage<\/p>\n<p>Tags: PROJET INT\u00c9RIEUR<\/p>\n","protected":false},"excerpt":{"rendered":"<p>&#8211; Am\u00e9liore le drainage des sols lourds &#8211; Ingr\u00e9dient pour 113x d&#8217;empotage Tags: PROJET INT\u00c9RIEUR<\/p>\n","protected":false},"featured_media":11326,"template":"","meta":[],"product_cat":[110],"product_tag":[],"class_list":{"0":"post-10827","1":"product","2":"type-product","3":"status-publish","4":"has-post-thumbnail","6":"product_cat-autre","8":"first","9":"instock","10":"shipping-taxable","11":"product-type-simple"},"jetpack_sharing_enabled":true,"_links":{"self":[{"href":"https:\/\/multivracecono.com\/index.php\/wp-json\/wp\/v2\/product\/10827","targetHints":{"allow":["GET"]}}],"collection":[{"href":"https:\/\/multivracecono.com\/index.php\/wp-json\/wp\/v2\/product"}],"about":[{"href":"https:\/\/multivracecono.com\/index.php\/wp-json\/wp\/v2\/types\/product"}],"wp:featuredmedia":[{"embeddable":true,"href":"https:\/\/multivracecono.com\/index.php\/wp-json\/wp\/v2\/media\/11326"}],"wp:attachment":[{"href":"https:\/\/multivracecono.com\/index.php\/wp-json\/wp\/v2\/media?parent=10827"}],"wp:term":[{"taxonomy":"product_cat","embeddable":true,"href":"https:\/\/multivracecono.com\/index.php\/wp-json\/wp\/v2\/product_cat?post=10827"},{"taxonomy":"product_tag","embeddable":true,"href":"https:\/\/multivracecono.com\/index.php\/wp-json\/wp\/v2\/product_tag?post=10827"}],"curies":[{"name":"wp","href":"https:\/\/api.w.org\/{rel}","templated":true}]}}