{"id":10823,"date":"2017-03-22T19:45:55","date_gmt":"2017-03-23T00:45:55","guid":{"rendered":"http:\/\/multivracecono.com\/?product=terre-a-jardin-03-02-01-projet-logo"},"modified":"2017-03-22T19:45:55","modified_gmt":"2017-03-23T00:45:55","slug":"terre-a-jardin-03-02-01-projet-logo","status":"publish","type":"product","link":"https:\/\/multivracecono.com\/index.php\/produit\/terre-a-jardin-03-02-01-projet-logo\/","title":{"rendered":"TERRE \u00c0 JARDIN 0,3-0,2-0,1 PROJET LOGO"},"content":{"rendered":"<p>INGR\u00c9DIENTS :<br \/>\nTerre noire (humus), fumier Compost\u00e9, sable chaux<\/p>\n<p>Tags: PROJET INT\u00c9RIEUR<\/p>\n","protected":false},"excerpt":{"rendered":"<p>INGR\u00c9DIENTS : Terre noire (humus), fumier Compost\u00e9, sable chaux Tags: PROJET INT\u00c9RIEUR<\/p>\n","protected":false},"featured_media":10824,"template":"","meta":[],"product_cat":[97,107],"product_tag":[],"class_list":{"0":"post-10823","1":"product","2":"type-product","3":"status-publish","4":"has-post-thumbnail","6":"product_cat-en-sac","7":"product_cat-terre-soils","9":"first","10":"instock","11":"shipping-taxable","12":"product-type-simple"},"jetpack_sharing_enabled":true,"_links":{"self":[{"href":"https:\/\/multivracecono.com\/index.php\/wp-json\/wp\/v2\/product\/10823","targetHints":{"allow":["GET"]}}],"collection":[{"href":"https:\/\/multivracecono.com\/index.php\/wp-json\/wp\/v2\/product"}],"about":[{"href":"https:\/\/multivracecono.com\/index.php\/wp-json\/wp\/v2\/types\/product"}],"wp:featuredmedia":[{"embeddable":true,"href":"https:\/\/multivracecono.com\/index.php\/wp-json\/wp\/v2\/media\/10824"}],"wp:attachment":[{"href":"https:\/\/multivracecono.com\/index.php\/wp-json\/wp\/v2\/media?parent=10823"}],"wp:term":[{"taxonomy":"product_cat","embeddable":true,"href":"https:\/\/multivracecono.com\/index.php\/wp-json\/wp\/v2\/product_cat?post=10823"},{"taxonomy":"product_tag","embeddable":true,"href":"https:\/\/multivracecono.com\/index.php\/wp-json\/wp\/v2\/product_tag?post=10823"}],"curies":[{"name":"wp","href":"https:\/\/api.w.org\/{rel}","templated":true}]}}