{"id":10816,"date":"2017-03-22T19:45:38","date_gmt":"2017-03-23T00:45:38","guid":{"rendered":"http:\/\/multivracecono.com\/?product=terreau-31-annuelles-et-vivaces-05-02-01"},"modified":"2017-03-22T19:45:38","modified_gmt":"2017-03-23T00:45:38","slug":"terreau-31-annuelles-et-vivaces-05-02-01","status":"publish","type":"product","link":"https:\/\/multivracecono.com\/index.php\/produit\/terreau-31-annuelles-et-vivaces-05-02-01\/","title":{"rendered":"TERREAU 3\/1 ANNUELLES ET VIVACES 0,5-0,2-0,1"},"content":{"rendered":"<p>INGR\u00c9DIENTS :<br \/>\n&#8211; Terre noire (humus), tourbe de sphaigne, fumier Compost\u00e9,\u00e9corces de conif\u00e8res vieillies,<br \/>\nsable, chaux, 115,os fossilis\u00e9s<\/p>\n<p>&#8211; Procure une floraison abondante et \u00e9clatante<br \/>\n&#8211; Assure une reprise rapide des vivaces ap\u00e8s leur division gr\u00e2ce aux os fossilis\u00e9s<br \/>\n&#8211; Procure des plants plus fournis gr\u00e2ce au Compost et \u00e0 l&rsquo;115<\/p>\n<p>Tags: PROJET PELOUSE<\/p>\n","protected":false},"excerpt":{"rendered":"<p>INGR\u00c9DIENTS : &#8211; Terre noire (humus), tourbe de sphaigne, fumier Compost\u00e9,\u00e9corces de conif\u00e8res vieillies, sable, chaux, 115,os fossilis\u00e9s &#8211; Procure une floraison abondante et \u00e9clatante &#8211; Assure une reprise rapide des vivaces ap\u00e8s leur division gr\u00e2ce aux os fossilis\u00e9s &#8211; Procure des plants plus fournis gr\u00e2ce au Compost et \u00e0 l&rsquo;115 Tags: PROJET PELOUSE<\/p>\n","protected":false},"featured_media":10817,"template":"","meta":[],"product_cat":[97,108],"product_tag":[],"class_list":{"0":"post-10816","1":"product","2":"type-product","3":"status-publish","4":"has-post-thumbnail","6":"product_cat-en-sac","7":"product_cat-terreau","9":"first","10":"instock","11":"shipping-taxable","12":"product-type-simple"},"jetpack_sharing_enabled":true,"_links":{"self":[{"href":"https:\/\/multivracecono.com\/index.php\/wp-json\/wp\/v2\/product\/10816","targetHints":{"allow":["GET"]}}],"collection":[{"href":"https:\/\/multivracecono.com\/index.php\/wp-json\/wp\/v2\/product"}],"about":[{"href":"https:\/\/multivracecono.com\/index.php\/wp-json\/wp\/v2\/types\/product"}],"wp:featuredmedia":[{"embeddable":true,"href":"https:\/\/multivracecono.com\/index.php\/wp-json\/wp\/v2\/media\/10817"}],"wp:attachment":[{"href":"https:\/\/multivracecono.com\/index.php\/wp-json\/wp\/v2\/media?parent=10816"}],"wp:term":[{"taxonomy":"product_cat","embeddable":true,"href":"https:\/\/multivracecono.com\/index.php\/wp-json\/wp\/v2\/product_cat?post=10816"},{"taxonomy":"product_tag","embeddable":true,"href":"https:\/\/multivracecono.com\/index.php\/wp-json\/wp\/v2\/product_tag?post=10816"}],"curies":[{"name":"wp","href":"https:\/\/api.w.org\/{rel}","templated":true}]}}