{"id":10814,"date":"2017-03-22T19:45:24","date_gmt":"2017-03-23T00:45:24","guid":{"rendered":"http:\/\/multivracecono.com\/?product=terreau-31-jardin-de-legumes-04-05-02"},"modified":"2017-03-22T19:45:24","modified_gmt":"2017-03-23T00:45:24","slug":"terreau-31-jardin-de-legumes-04-05-02","status":"publish","type":"product","link":"https:\/\/multivracecono.com\/index.php\/produit\/terreau-31-jardin-de-legumes-04-05-02\/","title":{"rendered":"TERREAU 3\/1 JARDIN DE L\u00c9GUMES 0,4-0,5-0,2"},"content":{"rendered":"<p>INGR\u00c9DIENTS :<br \/>\n&#8211; Terre noit (humus), tourbe de sphaigne, Compost,sable, chaux<\/p>\n<p>&#8211; Enrichi de Compost qui favorise une r\u00e9colte abondante<br \/>\n-Id\u00e9al pour culture des l\u00e9gumes et fines herbes en pleine terre<\/p>\n<p>Tags: PROJET PLATE-BANDE<\/p>\n","protected":false},"excerpt":{"rendered":"<p>INGR\u00c9DIENTS : &#8211; Terre noit (humus), tourbe de sphaigne, Compost,sable, chaux &#8211; Enrichi de Compost qui favorise une r\u00e9colte abondante -Id\u00e9al pour culture des l\u00e9gumes et fines herbes en pleine terre Tags: PROJET PLATE-BANDE<\/p>\n","protected":false},"featured_media":0,"template":"","meta":[],"product_cat":[97,108],"product_tag":[],"class_list":{"0":"post-10814","1":"product","2":"type-product","3":"status-publish","5":"product_cat-en-sac","6":"product_cat-terreau","8":"first","9":"instock","10":"shipping-taxable","11":"product-type-simple"},"jetpack_sharing_enabled":true,"_links":{"self":[{"href":"https:\/\/multivracecono.com\/index.php\/wp-json\/wp\/v2\/product\/10814","targetHints":{"allow":["GET"]}}],"collection":[{"href":"https:\/\/multivracecono.com\/index.php\/wp-json\/wp\/v2\/product"}],"about":[{"href":"https:\/\/multivracecono.com\/index.php\/wp-json\/wp\/v2\/types\/product"}],"wp:attachment":[{"href":"https:\/\/multivracecono.com\/index.php\/wp-json\/wp\/v2\/media?parent=10814"}],"wp:term":[{"taxonomy":"product_cat","embeddable":true,"href":"https:\/\/multivracecono.com\/index.php\/wp-json\/wp\/v2\/product_cat?post=10814"},{"taxonomy":"product_tag","embeddable":true,"href":"https:\/\/multivracecono.com\/index.php\/wp-json\/wp\/v2\/product_tag?post=10814"}],"curies":[{"name":"wp","href":"https:\/\/api.w.org\/{rel}","templated":true}]}}