{"id":10801,"date":"2017-03-22T19:44:28","date_gmt":"2017-03-23T00:44:28","guid":{"rendered":"http:\/\/multivracecono.com\/?product=compost-biofor-12-08-05-2"},"modified":"2017-03-22T19:44:28","modified_gmt":"2017-03-23T00:44:28","slug":"compost-biofor-12-08-05-2","status":"publish","type":"product","link":"https:\/\/multivracecono.com\/index.php\/produit\/compost-biofor-12-08-05-2\/","title":{"rendered":"COMPOST BIOFOR 1,2-0,8-0,5"},"content":{"rendered":"<p>Compost<br \/>\n&#8211; Compost, tourbe de sphaigne, \u00e9corces de conif\u00e8rees vieillies<\/p>\n<p>&#8211; Diminue la compaction des sols argileux facilitant la croissance des racines<br \/>\n&#8211; Apporte des \u00e9l\u00e9ments nutritifs qui contribuent \u00e0 une croissance saine et vigoureuse<br \/>\ndes v\u00e9\u00e9taux<\/p>\n<p>Tags: PROJET PELOUSE, PROJET PLATE-BANDE, PROJET POTAGER,<\/p>\n","protected":false},"excerpt":{"rendered":"<p>Compost &#8211; Compost, tourbe de sphaigne, \u00e9corces de conif\u00e8rees vieillies &#8211; Diminue la compaction des sols argileux facilitant la croissance des racines &#8211; Apporte des \u00e9l\u00e9ments nutritifs qui contribuent \u00e0 une croissance saine et vigoureuse des v\u00e9\u00e9taux Tags: PROJET PELOUSE, PROJET PLATE-BANDE, PROJET POTAGER,<\/p>\n","protected":false},"featured_media":10802,"template":"","meta":[],"product_cat":[111,97],"product_tag":[],"class_list":{"0":"post-10801","1":"product","2":"type-product","3":"status-publish","4":"has-post-thumbnail","6":"product_cat-compost","7":"product_cat-en-sac","9":"first","10":"instock","11":"shipping-taxable","12":"product-type-simple"},"jetpack_sharing_enabled":true,"_links":{"self":[{"href":"https:\/\/multivracecono.com\/index.php\/wp-json\/wp\/v2\/product\/10801","targetHints":{"allow":["GET"]}}],"collection":[{"href":"https:\/\/multivracecono.com\/index.php\/wp-json\/wp\/v2\/product"}],"about":[{"href":"https:\/\/multivracecono.com\/index.php\/wp-json\/wp\/v2\/types\/product"}],"wp:featuredmedia":[{"embeddable":true,"href":"https:\/\/multivracecono.com\/index.php\/wp-json\/wp\/v2\/media\/10802"}],"wp:attachment":[{"href":"https:\/\/multivracecono.com\/index.php\/wp-json\/wp\/v2\/media?parent=10801"}],"wp:term":[{"taxonomy":"product_cat","embeddable":true,"href":"https:\/\/multivracecono.com\/index.php\/wp-json\/wp\/v2\/product_cat?post=10801"},{"taxonomy":"product_tag","embeddable":true,"href":"https:\/\/multivracecono.com\/index.php\/wp-json\/wp\/v2\/product_tag?post=10801"}],"curies":[{"name":"wp","href":"https:\/\/api.w.org\/{rel}","templated":true}]}}