{"id":7698,"date":"2013-12-21T17:03:08","date_gmt":"2013-12-21T17:03:08","guid":{"rendered":"http:\/\/mundus.premiumcoding.com\/?page_id=7698"},"modified":"2025-07-17T17:50:14","modified_gmt":"2025-07-17T15:50:14","slug":"contact","status":"publish","type":"page","link":"https:\/\/multivracecono.com\/index.php\/contact\/","title":{"rendered":"Contact"},"content":{"rendered":"<div id=\"pl-7698\"  class=\"panel-layout\" ><div id=\"pg-7698-0\"  class=\"panel-grid panel-no-style\" ><div id=\"pgc-7698-0-0\"  class=\"panel-grid-cell\" ><div id=\"panel-7698-0-0-0\" class=\"so-panel widget widget_sow-editor panel-first-child panel-last-child\" data-index=\"0\" ><div\n\t\t\t\n\t\t\tclass=\"so-widget-sow-editor so-widget-sow-editor-base\"\n\t\t\t\n\t\t>\n<div class=\"siteorigin-widget-tinymce textwidget\">\n\t<p>&nbsp;<\/p>\n<p>&nbsp;<\/p>\n<\/div>\n<\/div><\/div><\/div><\/div><div id=\"pg-7698-1\"  class=\"panel-grid panel-no-style\" ><div id=\"pgc-7698-1-0\"  class=\"panel-grid-cell\" ><div id=\"panel-7698-1-0-0\" class=\"so-panel widget widget_sow-editor panel-first-child\" data-index=\"1\" ><div\n\t\t\t\n\t\t\tclass=\"so-widget-sow-editor so-widget-sow-editor-base\"\n\t\t\t\n\t\t>\n<div class=\"siteorigin-widget-tinymce textwidget\">\n\t<p><strong>Multivrac \u00c9cono<\/strong><br \/>\n3890, rte de Fossambault<br \/>\nSainte-Catherine-de-la-Jacques-Cartier<br \/>\n(Qu\u00e9bec) G3N 1R5<br \/>\nT\u00e9l.: 418 875-5300<br \/>\nFax : 418 875-2042<br \/>\nmultivracecono@gmail.com<\/p>\n<\/div>\n<\/div><\/div><div id=\"panel-7698-1-0-1\" class=\"so-panel widget widget_sow-editor panel-last-child\" data-index=\"2\" ><div\n\t\t\t\n\t\t\tclass=\"so-widget-sow-editor so-widget-sow-editor-base\"\n\t\t\t\n\t\t>\n<div class=\"siteorigin-widget-tinymce textwidget\">\n\t<p>HORAIRE ESTIVAL SOIT DU 15 AVRIL 2025 au 15 NOVEMBRE 2025<br \/>\nLundi au Vendredi de 8.00 AM \u00c0 17.00 PM<br \/>\nSamedi 8.00 AM A 16.00 PM<br \/>\nDimanche: FERMER<br \/>\nFERMER : DIMANCHE DE P\u00c2QUE ET LUNDI DE P\u00c2QUE, F\u00caTE NATIONNAL , F\u00caTE CANADA , F\u00caTE DU TRAVAIL, ACTION GR\u00c2CE<\/p>\n<\/div>\n<\/div><\/div><\/div><div id=\"pgc-7698-1-1\"  class=\"panel-grid-cell\" ><div id=\"panel-7698-1-1-0\" class=\"so-panel widget widget_sow-editor panel-first-child panel-last-child\" data-index=\"3\" ><div\n\t\t\t\n\t\t\tclass=\"so-widget-sow-editor so-widget-sow-editor-base\"\n\t\t\t\n\t\t>\n<div class=\"siteorigin-widget-tinymce textwidget\">\n\t\n<div class=\"wpcf7 no-js\" id=\"wpcf7-f11795-o1\" lang=\"fr-FR\" dir=\"ltr\">\n<div class=\"screen-reader-response\"><p role=\"status\" aria-live=\"polite\" aria-atomic=\"true\"><\/p> <ul><\/ul><\/div>\n<form action=\"\/index.php\/wp-json\/wp\/v2\/pages\/7698#wpcf7-f11795-o1\" method=\"post\" class=\"wpcf7-form init\" aria-label=\"Formulaire de contact\" novalidate=\"novalidate\" data-status=\"init\">\n<div style=\"display: none;\">\n<input type=\"hidden\" name=\"_wpcf7\" value=\"11795\" \/>\n<input type=\"hidden\" name=\"_wpcf7_version\" value=\"5.9.3\" \/>\n<input type=\"hidden\" name=\"_wpcf7_locale\" value=\"fr_FR\" \/>\n<input type=\"hidden\" name=\"_wpcf7_unit_tag\" value=\"wpcf7-f11795-o1\" \/>\n<input type=\"hidden\" name=\"_wpcf7_container_post\" value=\"0\" \/>\n<input type=\"hidden\" name=\"_wpcf7_posted_data_hash\" value=\"\" \/>\n<\/div>\n<p><label> Votre nom<br \/>\n<span class=\"wpcf7-form-control-wrap\" data-name=\"your-name\"><input size=\"40\" class=\"wpcf7-form-control wpcf7-text wpcf7-validates-as-required\" autocomplete=\"name\" aria-required=\"true\" aria-invalid=\"false\" value=\"\" type=\"text\" name=\"your-name\" \/><\/span> <\/label>\n<\/p>\n<p><label> Votre e-mail<br \/>\n<span class=\"wpcf7-form-control-wrap\" data-name=\"your-email\"><input size=\"40\" class=\"wpcf7-form-control wpcf7-email wpcf7-validates-as-required wpcf7-text wpcf7-validates-as-email\" autocomplete=\"email\" aria-required=\"true\" aria-invalid=\"false\" value=\"\" type=\"email\" name=\"your-email\" \/><\/span> <\/label>\n<\/p>\n<p><label> Objet<br \/>\n<span class=\"wpcf7-form-control-wrap\" data-name=\"your-subject\"><input size=\"40\" class=\"wpcf7-form-control wpcf7-text wpcf7-validates-as-required\" aria-required=\"true\" aria-invalid=\"false\" value=\"\" type=\"text\" name=\"your-subject\" \/><\/span> <\/label>\n<\/p>\n<p><label> Votre message (facultatif)<br \/>\n<span class=\"wpcf7-form-control-wrap\" data-name=\"your-message\"><textarea cols=\"40\" rows=\"10\" class=\"wpcf7-form-control wpcf7-textarea\" aria-invalid=\"false\" name=\"your-message\"><\/textarea><\/span> <\/label>\n<\/p>\n<p><input class=\"wpcf7-form-control wpcf7-submit has-spinner\" type=\"submit\" value=\"Envoyer\" \/>\n<\/p><div class=\"wpcf7-response-output\" aria-hidden=\"true\"><\/div>\n<\/form>\n<\/div>\n\n<\/div>\n<\/div><\/div><\/div><\/div><\/div>","protected":false},"excerpt":{"rendered":"<p>&nbsp; &nbsp; Multivrac \u00c9cono 3890, rte de Fossambault Sainte-Catherine-de-la-Jacques-Cartier (Qu\u00e9bec) G3N 1R5 T\u00e9l.: 418 875-5300 Fax : 418 875-2042 multivracecono@gmail.com HORAIRE ESTIVAL SOIT DU 15 AVRIL 2025 au 15 NOVEMBRE 2025 Lundi au Vendredi de 8.00 AM \u00c0 17.00 PM Samedi 8.00 AM A 16.00 PM Dimanche: FERMER FERMER : DIMANCHE DE P\u00c2QUE ET LUNDI [&hellip;]<\/p>\n","protected":false},"author":1,"featured_media":0,"parent":0,"menu_order":0,"comment_status":"closed","ping_status":"closed","template":"template-fullwidth-no-title.php","meta":{"footnotes":""},"class_list":["post-7698","page","type-page","status-publish","hentry"],"jetpack_sharing_enabled":true,"_links":{"self":[{"href":"https:\/\/multivracecono.com\/index.php\/wp-json\/wp\/v2\/pages\/7698","targetHints":{"allow":["GET"]}}],"collection":[{"href":"https:\/\/multivracecono.com\/index.php\/wp-json\/wp\/v2\/pages"}],"about":[{"href":"https:\/\/multivracecono.com\/index.php\/wp-json\/wp\/v2\/types\/page"}],"author":[{"embeddable":true,"href":"https:\/\/multivracecono.com\/index.php\/wp-json\/wp\/v2\/users\/1"}],"replies":[{"embeddable":true,"href":"https:\/\/multivracecono.com\/index.php\/wp-json\/wp\/v2\/comments?post=7698"}],"version-history":[{"count":22,"href":"https:\/\/multivracecono.com\/index.php\/wp-json\/wp\/v2\/pages\/7698\/revisions"}],"predecessor-version":[{"id":12072,"href":"https:\/\/multivracecono.com\/index.php\/wp-json\/wp\/v2\/pages\/7698\/revisions\/12072"}],"wp:attachment":[{"href":"https:\/\/multivracecono.com\/index.php\/wp-json\/wp\/v2\/media?parent=7698"}],"curies":[{"name":"wp","href":"https:\/\/api.w.org\/{rel}","templated":true}]}}