{"id":11563,"date":"2018-03-23T11:38:27","date_gmt":"2018-03-23T16:38:27","guid":{"rendered":"https:\/\/multivracecono.com\/?page_id=11563"},"modified":"2018-03-23T11:38:27","modified_gmt":"2018-03-23T16:38:27","slug":"meubles-de-jardins","status":"publish","type":"page","link":"https:\/\/multivracecono.com\/index.php\/meubles-de-jardins\/","title":{"rendered":"Meubles de jardins"},"content":{"rendered":"<div id=\"pl-11563\"  class=\"panel-layout\" ><div id=\"pg-11563-0\"  class=\"panel-grid panel-no-style\" ><div id=\"pgc-11563-0-0\"  class=\"panel-grid-cell\" ><div id=\"panel-11563-0-0-0\" class=\"so-panel widget widget_sow-editor panel-first-child panel-last-child\" data-index=\"0\" ><div\n\t\t\t\n\t\t\tclass=\"so-widget-sow-editor so-widget-sow-editor-base\"\n\t\t\t\n\t\t>\n<div class=\"siteorigin-widget-tinymce textwidget\">\n\t<p>\u00a0<\/p>\n<p><img loading=\"lazy\" decoding=\"async\" class=\"size-full wp-image-11583 alignnone\" src=\"https:\/\/multivracecono.com\/wp-content\/uploads\/2018\/03\/logo-black.png\" alt=\"\" width=\"210\" height=\"61\" \/><img loading=\"lazy\" decoding=\"async\" class=\"size-full wp-image-11612 alignright\" src=\"https:\/\/multivracecono.com\/wp-content\/uploads\/2018\/04\/AccordD-sm.png\" alt=\"\" width=\"150\" height=\"88\" \/><\/p>\n<p>\u00a0<\/p>\n<p>Nous offrons toute la gamme de produit d'excellente qualit\u00e9 de la marque Veranda. Que ce soit une balancoire, mobilier de jardin ou gazebo. Nous vous invitons \u00e0 visiter leur site web pour s\u00e9lectionner le produit que vous d\u00e9sirez et nous nous occuperons de passer la commande pour vous.<\/p>\n<p style=\"text-align: center; font-size: 18pt;\"><strong><a href=\"http:\/\/verandajardin.com\" target=\"_blank\" rel=\"noopener\">verandajardin.com<\/a><\/strong><\/p>\n<p>\u00a0<\/p>\n<\/div>\n<\/div><\/div><\/div><div id=\"pgc-11563-0-1\"  class=\"panel-grid-cell\" ><div id=\"panel-11563-0-1-0\" class=\"so-panel widget widget_sow-image panel-first-child panel-last-child\" data-index=\"1\" ><div\n\t\t\t\n\t\t\tclass=\"so-widget-sow-image so-widget-sow-image-default-8b5b6f678277-11563\"\n\t\t\t\n\t\t>\n\n<div class=\"sow-image-container\">\n\t\t<img loading=\"lazy\" decoding=\"async\" src=\"https:\/\/multivracecono.com\/wp-content\/uploads\/2018\/03\/balancoire-rouge.png\" width=\"466\" height=\"350\" srcset=\"https:\/\/multivracecono.com\/wp-content\/uploads\/2018\/03\/balancoire-rouge.png 466w, https:\/\/multivracecono.com\/wp-content\/uploads\/2018\/03\/balancoire-rouge-300x225.png 300w\" sizes=\"auto, (max-width: 466px) 100vw, 466px\" alt=\"\" \t\tclass=\"so-widget-image\"\/>\n\t<\/div>\n\n<\/div><\/div><\/div><\/div><div id=\"pg-11563-1\"  class=\"panel-grid panel-no-style\" ><div id=\"pgc-11563-1-0\"  class=\"panel-grid-cell\" ><div id=\"panel-11563-1-0-0\" class=\"so-panel widget widget_sow-image panel-first-child panel-last-child\" data-index=\"2\" ><div\n\t\t\t\n\t\t\tclass=\"so-widget-sow-image so-widget-sow-image-default-8b5b6f678277-11563\"\n\t\t\t\n\t\t>\n\n<div class=\"sow-image-container\">\n\t\t\t<a href=\"http:\/\/verandajardin.com\/meubles-de-jardin\/balancoires\"\n\t\t\ttarget=\"_blank\" rel=\"noopener noreferrer\" \t\t>\n\t\t\t<img loading=\"lazy\" decoding=\"async\" src=\"https:\/\/multivracecono.com\/wp-content\/uploads\/2018\/03\/balancoire-verte.png\" width=\"220\" height=\"147\" sizes=\"auto, (max-width: 220px) 100vw, 220px\" alt=\"\" \t\tclass=\"so-widget-image\"\/>\n\t<\/a><\/div>\n\n<\/div><\/div><\/div><div id=\"pgc-11563-1-1\"  class=\"panel-grid-cell\" ><div id=\"panel-11563-1-1-0\" class=\"so-panel widget widget_sow-image panel-first-child panel-last-child\" data-index=\"3\" ><div\n\t\t\t\n\t\t\tclass=\"so-widget-sow-image so-widget-sow-image-default-8b5b6f678277-11563\"\n\t\t\t\n\t\t>\n\n<div class=\"sow-image-container\">\n\t\t\t<a href=\"http:\/\/verandajardin.com\/meubles-de-jardin\/balancoires\/balancelle\"\n\t\t\ttarget=\"_blank\" rel=\"noopener noreferrer\" \t\t>\n\t\t\t<img loading=\"lazy\" decoding=\"async\" src=\"https:\/\/multivracecono.com\/wp-content\/uploads\/2018\/03\/balancoire-3places.png\" width=\"199\" height=\"160\" sizes=\"auto, (max-width: 199px) 100vw, 199px\" alt=\"\" \t\tclass=\"so-widget-image\"\/>\n\t<\/a><\/div>\n\n<\/div><\/div><\/div><div id=\"pgc-11563-1-2\"  class=\"panel-grid-cell\" ><div id=\"panel-11563-1-2-0\" class=\"so-panel widget widget_sow-image panel-first-child panel-last-child\" data-index=\"4\" ><div\n\t\t\t\n\t\t\tclass=\"so-widget-sow-image so-widget-sow-image-default-8b5b6f678277-11563\"\n\t\t\t\n\t\t>\n\n<div class=\"sow-image-container\">\n\t\t\t<a href=\"http:\/\/verandajardin.com\/meubles-de-jardin\/chaises-et-bancs\"\n\t\t\ttarget=\"_blank\" rel=\"noopener noreferrer\" \t\t>\n\t\t\t<img loading=\"lazy\" decoding=\"async\" src=\"https:\/\/multivracecono.com\/wp-content\/uploads\/2018\/03\/chaise2places.png\" width=\"213\" height=\"160\" sizes=\"auto, (max-width: 213px) 100vw, 213px\" alt=\"\" \t\tclass=\"so-widget-image\"\/>\n\t<\/a><\/div>\n\n<\/div><\/div><\/div><div id=\"pgc-11563-1-3\"  class=\"panel-grid-cell\" ><div id=\"panel-11563-1-3-0\" class=\"so-panel widget widget_sow-image panel-first-child panel-last-child\" data-index=\"5\" ><div\n\t\t\t\n\t\t\tclass=\"so-widget-sow-image so-widget-sow-image-default-8b5b6f678277-11563\"\n\t\t\t\n\t\t>\n\n<div class=\"sow-image-container\">\n\t\t\t<a href=\"http:\/\/verandajardin.com\/meubles-de-jardin\/tables-et-parasols\"\n\t\t\ttarget=\"_blank\" rel=\"noopener noreferrer\" \t\t>\n\t\t\t<img loading=\"lazy\" decoding=\"async\" src=\"https:\/\/multivracecono.com\/wp-content\/uploads\/2018\/03\/meubles.jpg\" width=\"466\" height=\"310\" srcset=\"https:\/\/multivracecono.com\/wp-content\/uploads\/2018\/03\/meubles.jpg 466w, https:\/\/multivracecono.com\/wp-content\/uploads\/2018\/03\/meubles-300x200.jpg 300w\" sizes=\"auto, (max-width: 466px) 100vw, 466px\" alt=\"\" \t\tclass=\"so-widget-image\"\/>\n\t<\/a><\/div>\n\n<\/div><\/div><\/div><div id=\"pgc-11563-1-4\"  class=\"panel-grid-cell\" ><div id=\"panel-11563-1-4-0\" class=\"so-panel widget widget_sow-image panel-first-child panel-last-child\" data-index=\"6\" ><div\n\t\t\t\n\t\t\tclass=\"so-widget-sow-image so-widget-sow-image-default-8b5b6f678277-11563\"\n\t\t\t\n\t\t>\n\n<div class=\"sow-image-container\">\n\t\t\t<a href=\"http:\/\/verandajardin.com\/gazebos\/toit-rigide-fr\/abri-soleil\/abri-soleil-as1212-nr\"\n\t\t\ttarget=\"_blank\" rel=\"noopener noreferrer\" \t\t>\n\t\t\t<img loading=\"lazy\" decoding=\"async\" src=\"https:\/\/multivracecono.com\/wp-content\/uploads\/2018\/03\/gazebo.jpg\" width=\"220\" height=\"147\" sizes=\"auto, (max-width: 220px) 100vw, 220px\" alt=\"\" \t\tclass=\"so-widget-image\"\/>\n\t<\/a><\/div>\n\n<\/div><\/div><\/div><\/div><\/div>","protected":false},"excerpt":{"rendered":"<p>\u00a0\u00a0Nous offrons toute la gamme de produit d&rsquo;excellente qualit\u00e9 de la marque Veranda. Que ce soit une balancoire, mobilier de jardin ou gazebo. Nous vous invitons \u00e0 visiter leur site web pour s\u00e9lectionner le produit que vous d\u00e9sirez et nous nous occuperons de passer la commande pour vous.verandajardin.com\u00a0<\/p>\n","protected":false},"author":1,"featured_media":0,"parent":0,"menu_order":0,"comment_status":"closed","ping_status":"closed","template":"template-fullwidth-no-title.php","meta":{"footnotes":""},"class_list":["post-11563","page","type-page","status-publish","hentry"],"jetpack_sharing_enabled":true,"_links":{"self":[{"href":"https:\/\/multivracecono.com\/index.php\/wp-json\/wp\/v2\/pages\/11563","targetHints":{"allow":["GET"]}}],"collection":[{"href":"https:\/\/multivracecono.com\/index.php\/wp-json\/wp\/v2\/pages"}],"about":[{"href":"https:\/\/multivracecono.com\/index.php\/wp-json\/wp\/v2\/types\/page"}],"author":[{"embeddable":true,"href":"https:\/\/multivracecono.com\/index.php\/wp-json\/wp\/v2\/users\/1"}],"replies":[{"embeddable":true,"href":"https:\/\/multivracecono.com\/index.php\/wp-json\/wp\/v2\/comments?post=11563"}],"version-history":[{"count":0,"href":"https:\/\/multivracecono.com\/index.php\/wp-json\/wp\/v2\/pages\/11563\/revisions"}],"wp:attachment":[{"href":"https:\/\/multivracecono.com\/index.php\/wp-json\/wp\/v2\/media?parent=11563"}],"curies":[{"name":"wp","href":"https:\/\/api.w.org\/{rel}","templated":true}]}}