{"id":11218,"date":"2017-04-08T15:08:59","date_gmt":"2017-04-08T20:08:59","guid":{"rendered":"http:\/\/multivracecono.com\/?page_id=11218"},"modified":"2024-03-14T15:28:19","modified_gmt":"2024-03-14T14:28:19","slug":"produits-divers","status":"publish","type":"page","link":"https:\/\/multivracecono.com\/index.php\/produits-divers\/","title":{"rendered":"Produits divers"},"content":{"rendered":"<div id=\"pl-11218\"  class=\"panel-layout\" ><div id=\"pg-11218-0\"  class=\"panel-grid panel-no-style\" ><div id=\"pgc-11218-0-0\"  class=\"panel-grid-cell\" ><div id=\"panel-11218-0-0-0\" class=\"so-panel widget widget_sow-editor panel-first-child panel-last-child\" data-index=\"0\" ><div\n\t\t\t\n\t\t\tclass=\"so-widget-sow-editor so-widget-sow-editor-base\"\n\t\t\t\n\t\t>\n<div class=\"siteorigin-widget-tinymce textwidget\">\n\t<p>\u00a0<\/p>\n<p>\u00a0<\/p>\n<\/div>\n<\/div><\/div><\/div><\/div><div id=\"pg-11218-1\"  class=\"panel-grid panel-has-style\" ><div class=\"panel-row-style panel-row-style-for-11218-1\" ><div id=\"pgc-11218-1-0\"  class=\"panel-grid-cell\" ><div id=\"panel-11218-1-0-0\" class=\"so-panel widget widget_sow-editor panel-first-child panel-last-child\" data-index=\"1\" ><div class=\"panel-widget-style panel-widget-style-for-11218-1-0-0\" ><div\n\t\t\t\n\t\t\tclass=\"so-widget-sow-editor so-widget-sow-editor-base\"\n\t\t\t\n\t\t>\n<div class=\"siteorigin-widget-tinymce textwidget\">\n\t<h2 style=\"text-align: center;\"><span style=\"font-family: 'Julius Sans One', sans-serif; font-size: 31px;\">Nous offrons tous les produits d'outillage tel que \u00a0pelles, r\u00e2teaux qui r\u00e9sisteront \u00e0 l'usure du temps. Nous avons aussi toute sorte d\u2019accessoire tel kit de d\u00e9part pour plante et l\u00e9gumes, gangs et tous ce dont vous avez besoin pour vos travaux.\u00a0<\/span><\/h2>\n<\/div>\n<\/div><\/div><\/div><\/div><div id=\"pgc-11218-1-1\"  class=\"panel-grid-cell\" ><div id=\"panel-11218-1-1-0\" class=\"so-panel widget widget_sow-image panel-first-child panel-last-child\" data-index=\"2\" ><div\n\t\t\t\n\t\t\tclass=\"so-widget-sow-image so-widget-sow-image-default-6ec9e3772f75-11218\"\n\t\t\t\n\t\t>\n\n<div class=\"sow-image-container\">\n\t\t<img loading=\"lazy\" decoding=\"async\" src=\"https:\/\/multivracecono.com\/wp-content\/uploads\/2017\/04\/divers-outils.jpg\" width=\"800\" height=\"600\" srcset=\"https:\/\/multivracecono.com\/wp-content\/uploads\/2017\/04\/divers-outils.jpg 800w, https:\/\/multivracecono.com\/wp-content\/uploads\/2017\/04\/divers-outils-600x450.jpg 600w, https:\/\/multivracecono.com\/wp-content\/uploads\/2017\/04\/divers-outils-300x225.jpg 300w, https:\/\/multivracecono.com\/wp-content\/uploads\/2017\/04\/divers-outils-768x576.jpg 768w\" sizes=\"auto, (max-width: 800px) 100vw, 800px\" alt=\"Outils de jardinage\" \t\tclass=\"so-widget-image\"\/>\n\t<\/div>\n\n<\/div><\/div><\/div><\/div><\/div><div id=\"pg-11218-2\"  class=\"panel-grid panel-has-style\" ><div class=\"panel-row-style panel-row-style-for-11218-2\" ><div id=\"pgc-11218-2-0\"  class=\"panel-grid-cell\" ><div id=\"panel-11218-2-0-0\" class=\"so-panel widget widget_sow-image panel-first-child panel-last-child\" data-index=\"3\" ><div\n\t\t\t\n\t\t\tclass=\"so-widget-sow-image so-widget-sow-image-default-6ec9e3772f75-11218\"\n\t\t\t\n\t\t>\n\n<div class=\"sow-image-container\">\n\t\t<img loading=\"lazy\" decoding=\"async\" src=\"https:\/\/multivracecono.com\/wp-content\/uploads\/2017\/04\/seeds.jpg\" width=\"600\" height=\"800\" srcset=\"https:\/\/multivracecono.com\/wp-content\/uploads\/2017\/04\/seeds.jpg 600w, https:\/\/multivracecono.com\/wp-content\/uploads\/2017\/04\/seeds-225x300.jpg 225w\" sizes=\"auto, (max-width: 600px) 100vw, 600px\" alt=\"Graine pour jardin et fleurs\" \t\tclass=\"so-widget-image\"\/>\n\t<\/div>\n\n<\/div><\/div><\/div><div id=\"pgc-11218-2-1\"  class=\"panel-grid-cell\" ><div id=\"panel-11218-2-1-0\" class=\"so-panel widget widget_sow-editor panel-first-child panel-last-child\" data-index=\"4\" ><div class=\"panel-widget-style panel-widget-style-for-11218-2-1-0\" ><div\n\t\t\t\n\t\t\tclass=\"so-widget-sow-editor so-widget-sow-editor-base\"\n\t\t\t\n\t\t>\n<div class=\"siteorigin-widget-tinymce textwidget\">\n\t<h2 style=\"text-align: center;\">\u00a0<\/h2>\n<h2 style=\"text-align: center;\">\u00a0<\/h2>\n<h2 style=\"text-align: left;\">\u00a0<\/h2>\n<p>\u00a0<\/p>\n<h2 style=\"text-align: center;\"><span style=\"font-family: 'Julius Sans One', sans-serif; font-size: 34px;\">Nous vendons aussi une panoplie de graines et semences pour vos jardins et plate-bande par McKenzie.<\/span><\/h2>\n<\/div>\n<\/div><\/div><\/div><\/div><\/div><\/div><div id=\"pg-11218-3\"  class=\"panel-grid panel-no-style\" ><div id=\"pgc-11218-3-0\"  class=\"panel-grid-cell\" ><div id=\"panel-11218-3-0-0\" class=\"so-panel widget widget_sow-editor panel-first-child panel-last-child\" data-index=\"5\" ><div\n\t\t\t\n\t\t\tclass=\"so-widget-sow-editor so-widget-sow-editor-base\"\n\t\t\t\n\t\t>\n<div class=\"siteorigin-widget-tinymce textwidget\">\n\t<p>\u00a0<\/p>\n<p>\u00a0<\/p>\n<\/div>\n<\/div><\/div><\/div><\/div><\/div>","protected":false},"excerpt":{"rendered":"<p>\u00a0\u00a0 Nous offrons tous les produits d&rsquo;outillage tel que \u00a0pelles, r\u00e2teaux qui r\u00e9sisteront \u00e0 l&rsquo;usure du temps. Nous avons aussi toute sorte d\u2019accessoire tel kit de d\u00e9part pour plante et l\u00e9gumes, gangs et tous ce dont vous avez besoin pour vos travaux.\u00a0<\/p>\n","protected":false},"author":1,"featured_media":0,"parent":0,"menu_order":0,"comment_status":"closed","ping_status":"closed","template":"template-fullwidth-no-title.php","meta":{"footnotes":""},"class_list":["post-11218","page","type-page","status-publish","hentry"],"jetpack_sharing_enabled":true,"_links":{"self":[{"href":"https:\/\/multivracecono.com\/index.php\/wp-json\/wp\/v2\/pages\/11218","targetHints":{"allow":["GET"]}}],"collection":[{"href":"https:\/\/multivracecono.com\/index.php\/wp-json\/wp\/v2\/pages"}],"about":[{"href":"https:\/\/multivracecono.com\/index.php\/wp-json\/wp\/v2\/types\/page"}],"author":[{"embeddable":true,"href":"https:\/\/multivracecono.com\/index.php\/wp-json\/wp\/v2\/users\/1"}],"replies":[{"embeddable":true,"href":"https:\/\/multivracecono.com\/index.php\/wp-json\/wp\/v2\/comments?post=11218"}],"version-history":[{"count":2,"href":"https:\/\/multivracecono.com\/index.php\/wp-json\/wp\/v2\/pages\/11218\/revisions"}],"predecessor-version":[{"id":11846,"href":"https:\/\/multivracecono.com\/index.php\/wp-json\/wp\/v2\/pages\/11218\/revisions\/11846"}],"wp:attachment":[{"href":"https:\/\/multivracecono.com\/index.php\/wp-json\/wp\/v2\/media?parent=11218"}],"curies":[{"name":"wp","href":"https:\/\/api.w.org\/{rel}","templated":true}]}}