{"id":11084,"date":"2017-03-29T10:52:15","date_gmt":"2017-03-29T15:52:15","guid":{"rendered":"http:\/\/multivracecono.com\/?page_id=11084"},"modified":"2024-03-25T14:31:00","modified_gmt":"2024-03-25T13:31:00","slug":"plante-dinterieur","status":"publish","type":"page","link":"https:\/\/multivracecono.com\/index.php\/plante-dinterieur\/","title":{"rendered":"Plante d&rsquo;int\u00e9rieur"},"content":{"rendered":"\n<div id=\"project-header\">\n<h3 class=\"header-img\">&nbsp;Comment bien prendre soin d\u2019une plante verte?<\/h3>\n<\/div>\n\n\n\n<figure class=\"wp-block-embed is-type-video is-provider-youtube wp-block-embed-youtube wp-embed-aspect-16-9 wp-has-aspect-ratio\"><div class=\"wp-block-embed__wrapper\">\n<iframe loading=\"lazy\" title=\"Engrais tout usage Bionik - 100% biologique pour les plantes, le potager, les fleurs.\" width=\"980\" height=\"551\" src=\"https:\/\/www.youtube.com\/embed\/ZyQHJKFegTs?feature=oembed\" frameborder=\"0\" allow=\"accelerometer; autoplay; clipboard-write; encrypted-media; gyroscope; picture-in-picture; web-share\" allowfullscreen><\/iframe>\n<\/div><\/figure>\n\n\n\n<div id=\"project-title\">\n<h3 class=\"title-txt\">Combinaison gagnante<\/h3>\n<\/div>\n\n\n\n<div>\n<p><strong>Profitez de la synergie de ces produits en obtenant des r\u00e9sultats frappants qui surpasseront vos attentes. Cette combinaison assurera le succ\u00e8s de votre projet.<br><\/strong><\/p>\n<\/div>\n\n\n\n<div>\n<div class=\"tbl-comb\">\n<div class=\"left produit\">\n<p>&nbsp;<\/p>\n<figure><a href=\"http:\/\/www.fafard.ca\/produit\/terreau_dempotage_pour_plantes_tropicales_connaisseur\/\"><img decoding=\"async\" class=\"aligncenter\" src=\"http:\/\/www.fafard.ca\/wp-content\/uploads\/2016\/10\/POSU05-connaisseur-5l_petit.jpg\" alt=\"\" width=\"100px\"><\/a><\/figure><div class=\"comb_prod\"><\/div>\n<div class=\"title\" style=\"text-align: center;\"><a href=\"http:\/\/www.fafard.ca\/produit\/terreau_dempotage_pour_plantes_tropicales_connaisseur\/\">Terreau Connaisseur pour plantes d&rsquo;int\u00e9rieur<\/a><\/div>\n<div class=\"add-icon-bg\">&nbsp;<\/div>\n<p>&nbsp;<\/p>\n<\/div>\n<div class=\"left join-icon\" style=\"text-align: center;\">ET<\/div>\n<div class=\"left produit\">\n<p>&nbsp;<\/p>\n<figure><a href=\"http:\/\/www.fafard.ca\/produit\/engrais_hydrosoluble_tout_usage\/\"><img decoding=\"async\" class=\"aligncenter\" src=\"http:\/\/www.fafard.ca\/wp-content\/uploads\/2016\/10\/20-20-20_hydrosoluble_petit.jpg\" alt=\"\" width=\"100px\"><\/a><\/figure><div class=\"comb_prod\"><\/div>\n<div class=\"title\" style=\"text-align: center;\"><a href=\"http:\/\/www.fafard.ca\/produit\/engrais_hydrosoluble_tout_usage\/\">Engrais hydrosoluble tout usage<\/a><\/div>\n<div class=\"add-icon-bg\">&nbsp;<\/div>\n<p>&nbsp;<\/p>\n<\/div>\n<div class=\"left join-icon\">&nbsp;<\/div>\n<div class=\" left produit\">&nbsp;<\/div>\n<\/div>\n<\/div>\n\n\n\n<div id=\"project-title\">\n<h3 class=\"title-txt\">Trucs et astuces<\/h3>\n<\/div>\n\n\n\n<div class=\"truc-astuce\">\n<ol>\n<li><strong>&nbsp;Saviez-vous que\u2026<\/strong><br>Les plantes tropicales se portent mieux dans une pi\u00e8ce o\u00f9 les gens se rassemblent. Ils transforment le dioxyde de carbone que les gens expirent en oxyg\u00e8ne.<\/li>\n<li>&nbsp;<strong>Tendance: mur v\u00e9g\u00e9tal<\/strong><br>Les magazines l\u2019utilisent de plus en plus. Un mur v\u00e9g\u00e9tal est original, design et surtout \u00e9cologique. Il est \u00e0 la mode en Europe, mais n\u2019est pas encore populaire au Canada. Il peut \u00eatre install\u00e9 \u00e0 l&rsquo;int\u00e9rieur comment \u00e0 l&rsquo;ext\u00e9rieur. Essayez-le. Vos invit\u00e9s seront tr\u00e8s impressionn\u00e9s.<\/li>\n<\/ol>\n<\/div>\n\n\n\n<p>&#8211; See more at: http:\/\/fafard.qc.ca\/projet\/projet-interieur\/#inspiration<\/p>\n","protected":false},"excerpt":{"rendered":"<p>&nbsp;Comment bien prendre soin d\u2019une plante verte? Combinaison gagnante Profitez de la synergie de ces produits en obtenant des r\u00e9sultats frappants qui surpasseront vos attentes. Cette combinaison assurera le succ\u00e8s de votre projet. &nbsp; Terreau Connaisseur pour plantes d&rsquo;int\u00e9rieur &nbsp; &nbsp; ET &nbsp; Engrais hydrosoluble tout usage &nbsp; &nbsp; &nbsp; &nbsp; Trucs et astuces &nbsp;Saviez-vous [&hellip;]<\/p>\n","protected":false},"author":1,"featured_media":0,"parent":0,"menu_order":0,"comment_status":"closed","ping_status":"closed","template":"","meta":{"footnotes":""},"class_list":["post-11084","page","type-page","status-publish","hentry"],"jetpack_sharing_enabled":true,"_links":{"self":[{"href":"https:\/\/multivracecono.com\/index.php\/wp-json\/wp\/v2\/pages\/11084","targetHints":{"allow":["GET"]}}],"collection":[{"href":"https:\/\/multivracecono.com\/index.php\/wp-json\/wp\/v2\/pages"}],"about":[{"href":"https:\/\/multivracecono.com\/index.php\/wp-json\/wp\/v2\/types\/page"}],"author":[{"embeddable":true,"href":"https:\/\/multivracecono.com\/index.php\/wp-json\/wp\/v2\/users\/1"}],"replies":[{"embeddable":true,"href":"https:\/\/multivracecono.com\/index.php\/wp-json\/wp\/v2\/comments?post=11084"}],"version-history":[{"count":1,"href":"https:\/\/multivracecono.com\/index.php\/wp-json\/wp\/v2\/pages\/11084\/revisions"}],"predecessor-version":[{"id":11889,"href":"https:\/\/multivracecono.com\/index.php\/wp-json\/wp\/v2\/pages\/11084\/revisions\/11889"}],"wp:attachment":[{"href":"https:\/\/multivracecono.com\/index.php\/wp-json\/wp\/v2\/media?parent=11084"}],"curies":[{"name":"wp","href":"https:\/\/api.w.org\/{rel}","templated":true}]}}