{"id":11071,"date":"2017-03-29T10:39:28","date_gmt":"2017-03-29T15:39:28","guid":{"rendered":"http:\/\/multivracecono.com\/?page_id=11071"},"modified":"2024-03-25T14:23:25","modified_gmt":"2024-03-25T13:23:25","slug":"potager","status":"publish","type":"page","link":"https:\/\/multivracecono.com\/index.php\/potager\/","title":{"rendered":"Potager"},"content":{"rendered":"\n<div id=\"project-header\">\n<h3 class=\"header-text\">Comment am\u00e9nager votre potager?<\/h3>\n<\/div>\n\n\n\n<figure class=\"wp-block-embed is-type-video is-provider-youtube wp-block-embed-youtube wp-embed-aspect-16-9 wp-has-aspect-ratio\"><div class=\"wp-block-embed__wrapper\">\n<iframe loading=\"lazy\" title=\"Le potager Bionik - engrais biologiques 100% naturel\" width=\"980\" height=\"551\" src=\"https:\/\/www.youtube.com\/embed\/30Fu-z4JJ9o?feature=oembed\" frameborder=\"0\" allow=\"accelerometer; autoplay; clipboard-write; encrypted-media; gyroscope; picture-in-picture; web-share\" allowfullscreen><\/iframe>\n<\/div><\/figure>\n\n\n\n<div>\n<p><strong>Profitez de la synergie de ces produits en obtenant des r\u00e9sultats frappants qui surpasseront vos attentes. Cette combinaison assurera le succ\u00e8s de votre projet.<\/strong><\/p>\n<\/div>\n\n\n\n<p><\/p>\n\n\n\n<div>\n<div class=\"tbl-comb\">\n<div class=\"left produit\">\n<p>&nbsp;<\/p>\n<figure><a href=\"http:\/\/www.fafard.ca\/produit\/terreau_transplanteur_31_biologique\/\"><img decoding=\"async\" src=\"http:\/\/www.fafard.ca\/wp-content\/uploads\/2015\/10\/terreau-3en1-jardin-legume-fr-petit.jpg\" alt=\"\" width=\"100px\"><\/a><\/figure><div class=\"comb_prod\"><\/div>\n<div class=\"title\"><a href=\"http:\/\/www.fafard.ca\/produit\/terreau_transplanteur_31_biologique\/\">Terreau pour jardin de l\u00e9gumes 3\/1<\/a><\/div>\n<div class=\"add-icon-bg\">&nbsp;<\/div>\n<\/div>\n<div class=\"left join-icon\">ET<\/div>\n<div class=\"left produit\">\n<p>&nbsp;<\/p>\n<figure><a href=\"http:\/\/www.fafard.ca\/produit\/engrais_naturel_pour_fruits_et_legumes\/\"><img decoding=\"async\" src=\"http:\/\/www.fafard.ca\/wp-content\/uploads\/2016\/10\/engrais_jardin_legumes_petit.jpg\" alt=\"\" width=\"100px\"><\/a><\/figure><div class=\"comb_prod\"><\/div>\n<div class=\"title\"><a href=\"http:\/\/www.fafard.ca\/produit\/engrais_naturel_pour_fruits_et_legumes\/\">Engrais naturel pour fruits et l\u00e9gumes<\/a><\/div>\n<div class=\"add-icon-bg\">&nbsp;<\/div>\n<\/div>\n<div class=\"left join-icon\">ET<\/div>\n<div class=\" left produit\">\n<p>&nbsp;<\/p>\n<figure><a href=\"http:\/\/www.fafard.ca\/produit\/paillis_decales_de_cacao\/\"><img decoding=\"async\" src=\"http:\/\/www.fafard.ca\/wp-content\/uploads\/2013\/03\/paillis-cacao-cao-decor-potager-fr-petit.jpg\" alt=\"\" width=\"100px\"><\/a><\/figure><div class=\"comb_prod\"><\/div>\n<div class=\"title\"><a href=\"http:\/\/www.fafard.ca\/produit\/paillis_decales_de_cacao\/\">Paillis d&rsquo;\u00e9cales de cacao CAO D\u00c9COR<\/a><\/div>\n<div class=\"add-icon-bg\">&nbsp;<\/div>\n<\/div>\n<\/div>\n<\/div>\n\n\n\n<div id=\"project-title\">\n<h3 class=\"title-txt\">Trucs et astuces<\/h3>\n<\/div>\n\n\n\n<div class=\"truc-astuce\">\n<ol>\n<li><strong>Saviez-vous que\u2026<\/strong><br>Les petits fruits sont des antioxydants qui n\u00e9cessitent un sol acide? Le <a title=\"Terreau pour plantes acidophiles\" href=\"http:\/\/fafard.qc.ca\/produit\/terreau_pour_plantes_acidophiles\/\">terreau pour plantes acidophiles<\/a> demeure un choix judicieux pour assurer leur croissance.<\/li>\n<li><strong>Saviez-vous que\u2026<\/strong><br>Le potager n\u00e9cessite au moins 6 heures de soleil par jour?<\/li>\n<li><strong>Pouvons-nous \u00e9tendre du paillis sur le potager?<\/strong><br>Oui, mais assurez-vous de choisir une option naturelle pour vos l\u00e9gumes. Le <a title=\"Paillis d'\u00e9cales de cacao\" href=\"http:\/\/fafard.qc.ca\/produit\/paillis_decales_de_cacao\/\">paillis d\u2019\u00e9cales de cacao<\/a> est naturel et poss\u00e8de un contenu \u00e9lev\u00e9 en mati\u00e8re organique. Il apporte \u00e9galement beaucoup d\u2019\u00e9l\u00e9ments nutritifs au sol en se d\u00e9composant.<\/li>\n<li><strong>La tendance de l\u2019heure : le potager en contenant!&nbsp;<\/strong><br>Vous \u00eates limit\u00e9 par l\u2019espace? Pourquoi ne pas essayer la culture en pot. Quoi de mieux que des fines herbes et des tomates fra\u00eeches \u00e0 port\u00e9e de main. Essayez le tout nouveau <a title=\"Terreau pour potager urbain\" href=\"http:\/\/fafard.qc.ca\/produit\/terreau_pour_potager_urbain\/\">terreau pour potager urbain<\/a>!<\/li>\n<\/ol>\n<\/div>\n\n\n\n<div id=\"project-title\">&nbsp;<\/div>\n\n\n\n<p>&#8211; See more at: http:\/\/fafard.qc.ca\/projet\/comment-amenager-votre-potager\/#inspiration<\/p>\n","protected":false},"excerpt":{"rendered":"<p>Comment am\u00e9nager votre potager? Profitez de la synergie de ces produits en obtenant des r\u00e9sultats frappants qui surpasseront vos attentes. Cette combinaison assurera le succ\u00e8s de votre projet. &nbsp; Terreau pour jardin de l\u00e9gumes 3\/1 &nbsp; ET &nbsp; Engrais naturel pour fruits et l\u00e9gumes &nbsp; ET &nbsp; Paillis d&rsquo;\u00e9cales de cacao CAO D\u00c9COR &nbsp; Trucs [&hellip;]<\/p>\n","protected":false},"author":1,"featured_media":0,"parent":0,"menu_order":0,"comment_status":"closed","ping_status":"closed","template":"","meta":{"footnotes":""},"class_list":["post-11071","page","type-page","status-publish","hentry"],"jetpack_sharing_enabled":true,"_links":{"self":[{"href":"https:\/\/multivracecono.com\/index.php\/wp-json\/wp\/v2\/pages\/11071","targetHints":{"allow":["GET"]}}],"collection":[{"href":"https:\/\/multivracecono.com\/index.php\/wp-json\/wp\/v2\/pages"}],"about":[{"href":"https:\/\/multivracecono.com\/index.php\/wp-json\/wp\/v2\/types\/page"}],"author":[{"embeddable":true,"href":"https:\/\/multivracecono.com\/index.php\/wp-json\/wp\/v2\/users\/1"}],"replies":[{"embeddable":true,"href":"https:\/\/multivracecono.com\/index.php\/wp-json\/wp\/v2\/comments?post=11071"}],"version-history":[{"count":4,"href":"https:\/\/multivracecono.com\/index.php\/wp-json\/wp\/v2\/pages\/11071\/revisions"}],"predecessor-version":[{"id":11885,"href":"https:\/\/multivracecono.com\/index.php\/wp-json\/wp\/v2\/pages\/11071\/revisions\/11885"}],"wp:attachment":[{"href":"https:\/\/multivracecono.com\/index.php\/wp-json\/wp\/v2\/media?parent=11071"}],"curies":[{"name":"wp","href":"https:\/\/api.w.org\/{rel}","templated":true}]}}