{"id":11069,"date":"2017-03-29T10:37:03","date_gmt":"2017-03-29T15:37:03","guid":{"rendered":"http:\/\/multivracecono.com\/?page_id=11069"},"modified":"2024-03-25T14:12:53","modified_gmt":"2024-03-25T13:12:53","slug":"pelouse","status":"publish","type":"page","link":"https:\/\/multivracecono.com\/index.php\/pelouse\/","title":{"rendered":"Pelouse"},"content":{"rendered":"\n<div id=\"project-header\">\n<h3 class=\"header-img\">Comment obtenir un gazon vert et en sant\u00e9?<\/h3>\n<\/div>\n\n\n\n<figure class=\"wp-block-embed is-type-video is-provider-youtube wp-block-embed-youtube wp-embed-aspect-16-9 wp-has-aspect-ratio\"><div class=\"wp-block-embed__wrapper\">\n<iframe loading=\"lazy\" title=\"Nouvelle pelouse semences Herbionik\" width=\"980\" height=\"551\" src=\"https:\/\/www.youtube.com\/embed\/WNubvMXRg3Q?feature=oembed\" frameborder=\"0\" allow=\"accelerometer; autoplay; clipboard-write; encrypted-media; gyroscope; picture-in-picture; web-share\" allowfullscreen><\/iframe>\n<\/div><\/figure>\n\n\n\n<div>\n<h3>Combinaison gagnante<\/h3>\n<\/div>\n\n\n\n<div><strong>Profitez de la synergie de ces produits en obtenant des r\u00e9sultats frappants qui surpasseront vos attentes. Cette combinaison assurera le succ\u00e8s de votre projet.<\/strong><\/div>\n\n\n\n<div>\n<div class=\"tbl-comb\">\n<div class=\"left produit\">\n<p>&nbsp;<\/p>\n<figure><a href=\"http:\/\/www.fafard.ca\/produit\/engrais_naturel_pour_pelouse_-_printemps\/\"><img decoding=\"async\" src=\"http:\/\/www.fafard.ca\/wp-content\/uploads\/2016\/10\/Engrais-Pelouse-7.2.3_%C3%89tape-1-2-12kg-petit.jpg\" alt=\"\" width=\"100px\"><\/a><\/figure><div class=\"comb_prod\"><\/div>\n<div class=\"title\"><a href=\"http:\/\/www.fafard.ca\/produit\/engrais_naturel_pour_pelouse_-_printemps\/\">Engrais naturel pour pelouse &#8211; \u00c9tape 1 et 2 (printemps et \u00e9t\u00e9)<\/a><\/div>\n<div class=\"add-icon-bg\"><a id=\"add_105\" class=\"add-icon\"><\/a>Ajouter \u00e0 ma liste<\/div>\n<p>&nbsp;<\/p>\n<\/div>\n<div class=\"left join-icon\">&nbsp;<\/div>\n<h2 class=\"left join-icon\" style=\"text-align: center;\"><strong>OU<\/strong><\/h2>\n<div class=\"left join-icon\">&nbsp;<\/div>\n<div class=\"left produit\">\n<p>&nbsp;<\/p>\n<figure><a href=\"http:\/\/www.fafard.ca\/produit\/engrais_sans-phosphate_pour_pelouse_-_printemps\/\"><img decoding=\"async\" src=\"http:\/\/www.fafard.ca\/wp-content\/uploads\/2013\/03\/engrais-sans-phosphate-pelouse-gazon-printemps-etape-1-fr-petit.jpg\" alt=\"\" width=\"100px\"><\/a><\/figure><div class=\"comb_prod\"><\/div>\n<div class=\"title\"><a href=\"http:\/\/www.fafard.ca\/produit\/engrais_sans-phosphate_pour_pelouse_-_printemps\/\">Engrais sans-phosphate pour pelouse &#8211; Printemps<\/a><\/div>\n<div class=\"add-icon-bg\"><a id=\"add_108\" class=\"add-icon\"><\/a>Ajouter \u00e0 ma liste<\/div>\n<p>&nbsp;<\/p>\n<\/div>\n<div class=\"left join-icon\">&nbsp;<\/div>\n<h3 class=\" left produit\">&nbsp;&nbsp;Trucs et astuces<\/h3>\n<\/div>\n<\/div>\n\n\n\n<div id=\"project-title\">&nbsp;<\/div>\n\n\n\n<div class=\"truc-astuce\">\n<p><strong>Fertilisation<\/strong> \u00c9pandre l&rsquo;engrais pour pelouse \u00e0 l&rsquo;aide d&rsquo;un \u00e9pandeur. Truc : Pour un \u00e9pandage plus uniforme, effectuer 2 passages : un en largeur et un autre en longueur.<\/p>\n<ul>\n<li><strong>Fr\u00e9quence\u2009:&nbsp;<\/strong>1 fois\/saison &#8211; printemps, \u00e9t\u00e9 et automne<\/li>\n<li><strong>B\u00e9n\u00e9fices\u2009:&nbsp;<\/strong>Croissance et r\u00e9sistance accrues<\/li>\n<\/ul>\n<ul>\n<li><strong>Saviez-vous que&#8230; <\/strong>Le <a title=\"\" href=\"http:\/\/fafard.qc.ca\/produit\/terreau_reparateur_viva_pelouse\/\">terreau r\u00e9parateur Viva Pelouse<\/a>\u00ae procure des conditions id\u00e9ales de germination \u2013<strong> r\u00e9sultats en 5 jours.<\/strong><\/li>\n<li><strong>Quel est le temps id\u00e9al pour a\u00e9rer votre gazon? <\/strong>Le test du crayon est un bon guide. Si un crayon ne p\u00e9n\u00e8tre pas facilement, alors il est temps d\u2019a\u00e9rer. L&rsquo;a\u00e9ration peut se faire au printemps ou \u00e0 l&rsquo;automne. Il est toujours pr\u00e9f\u00e9rable d&rsquo;a\u00e9rer la pelouse lorsque le sol est d\u00e9gel\u00e9 et sec.<\/li>\n<li><strong>T\u00e9l\u00e9chargez notre fiche compl\u00e8te pour l&rsquo;entretien automnal de votre gazon <\/strong><a href=\"http:\/\/fafard.qc.ca\/wp-content\/uploads\/2014\/09\/Fiche_entretien-pelouse_automne_HR.pdf\" target=\"_blank\" rel=\"noopener\">http:\/\/fafard.qc.ca\/projet\/comment-obtenir-un-gazon-vert-et-en-sante\/<\/a><\/li>\n<\/ul>\n<\/div>\n\n\n\n<p>&#8211; See more at: http:\/\/www.fafard.ca\/projet\/comment-obtenir-un-gazon-vert-et-en-sante\/#sthash.bpCGUD76.dpuf<\/p>\n","protected":false},"excerpt":{"rendered":"<p>Comment obtenir un gazon vert et en sant\u00e9? Combinaison gagnante Profitez de la synergie de ces produits en obtenant des r\u00e9sultats frappants qui surpasseront vos attentes. Cette combinaison assurera le succ\u00e8s de votre projet. &nbsp; Engrais naturel pour pelouse &#8211; \u00c9tape 1 et 2 (printemps et \u00e9t\u00e9) Ajouter \u00e0 ma liste &nbsp; &nbsp; OU &nbsp; [&hellip;]<\/p>\n","protected":false},"author":1,"featured_media":0,"parent":0,"menu_order":0,"comment_status":"closed","ping_status":"closed","template":"","meta":{"footnotes":""},"class_list":["post-11069","page","type-page","status-publish","hentry"],"jetpack_sharing_enabled":true,"_links":{"self":[{"href":"https:\/\/multivracecono.com\/index.php\/wp-json\/wp\/v2\/pages\/11069","targetHints":{"allow":["GET"]}}],"collection":[{"href":"https:\/\/multivracecono.com\/index.php\/wp-json\/wp\/v2\/pages"}],"about":[{"href":"https:\/\/multivracecono.com\/index.php\/wp-json\/wp\/v2\/types\/page"}],"author":[{"embeddable":true,"href":"https:\/\/multivracecono.com\/index.php\/wp-json\/wp\/v2\/users\/1"}],"replies":[{"embeddable":true,"href":"https:\/\/multivracecono.com\/index.php\/wp-json\/wp\/v2\/comments?post=11069"}],"version-history":[{"count":1,"href":"https:\/\/multivracecono.com\/index.php\/wp-json\/wp\/v2\/pages\/11069\/revisions"}],"predecessor-version":[{"id":11883,"href":"https:\/\/multivracecono.com\/index.php\/wp-json\/wp\/v2\/pages\/11069\/revisions\/11883"}],"wp:attachment":[{"href":"https:\/\/multivracecono.com\/index.php\/wp-json\/wp\/v2\/media?parent=11069"}],"curies":[{"name":"wp","href":"https:\/\/api.w.org\/{rel}","templated":true}]}}