{"id":11037,"date":"2017-03-27T16:28:09","date_gmt":"2017-03-27T21:28:09","guid":{"rendered":"http:\/\/multivracecono.com\/?page_id=11037"},"modified":"2024-03-25T13:30:26","modified_gmt":"2024-03-25T12:30:26","slug":"jardiniere","status":"publish","type":"page","link":"https:\/\/multivracecono.com\/index.php\/jardiniere\/","title":{"rendered":"Jardini\u00e8re"},"content":{"rendered":"<div class=\"wp-block-image\">\n<figure class=\"aligncenter\"><img decoding=\"async\" src=\"http:\/\/www.fafard.ca\/wp-content\/themes\/fafard\/images\/topVideo.png\" alt=\"\"\/><\/figure>\n<\/div>\n\n\n<figure class=\"wp-block-embed is-type-video is-provider-youtube wp-block-embed-youtube wp-embed-aspect-16-9 wp-has-aspect-ratio\"><div class=\"wp-block-embed__wrapper\">\n<iframe loading=\"lazy\" title=\"Semis - engrais et compost biologiques Bionik\" width=\"980\" height=\"551\" src=\"https:\/\/www.youtube.com\/embed\/347RuYx3IZA?feature=oembed\" frameborder=\"0\" allow=\"accelerometer; autoplay; clipboard-write; encrypted-media; gyroscope; picture-in-picture; web-share\" allowfullscreen><\/iframe>\n<\/div><\/figure>\n\n\n\n<p class=\"has-text-align-center\"><\/p>\n\n\n<div class=\"wp-block-image\">\n<figure class=\"aligncenter\"><img decoding=\"async\" src=\"http:\/\/www.fafard.ca\/wp-content\/themes\/fafard\/images\/underVideo.png\" alt=\"\"\/><\/figure>\n<\/div>\n\n\n<h3 class=\"wp-block-heading\">Combinaison gagnante<\/h3>\n\n\n\n<p><strong>Profitez de la synergie de ces produits en obtenant des r\u00e9sultats frappants qui surpasseront vos attentes. Cette combinaison assurera le succ\u00e8s de votre projet.<\/strong><\/p>\n\n\n<div class=\"wp-block-image\">\n<figure class=\"alignleft\"><a href=\"http:\/\/www.fafard.ca\/produit\/terreau_contenant_veranda\/\"><img decoding=\"async\" src=\"http:\/\/www.fafard.ca\/wp-content\/uploads\/2013\/03\/terreau-veranda-fleurs-contenant-jardiniere-fr-petit.jpg\" alt=\"\"\/><\/a><\/figure>\n<\/div>\n\n<div class=\"wp-block-image\">\n<figure class=\"alignleft\"><a href=\"http:\/\/www.fafard.ca\/produit\/compost_avec_tourbe_algues_et_crevettes_biosol\/\"><img decoding=\"async\" src=\"http:\/\/www.fafard.ca\/wp-content\/uploads\/2015\/10\/compost-biosol-tourbe-algues-crevettes-terreautage-fr-petit.png\" alt=\"\"\/><\/a><\/figure>\n<\/div>\n\n<div class=\"wp-block-image\">\n<figure class=\"alignleft\"><a href=\"http:\/\/www.fafard.ca\/produit\/engrais_a_liberation_controlee_max_fleurs\/\"><img decoding=\"async\" src=\"http:\/\/www.fafard.ca\/wp-content\/uploads\/2016\/10\/flower-max-500g_petit.jpg\" alt=\"\"\/><\/a><\/figure>\n<\/div>\n\n\n<p><a href=\"http:\/\/www.fafard.ca\/produit\/terreau_contenant_veranda\/\"><br><\/a><\/p>\n\n\n\n<p class=\"has-text-align-center\"><a href=\"http:\/\/www.fafard.ca\/produit\/terreau_contenant_veranda\/\">Terreau contenant V\u00e9randa\u00ae<\/a><\/p>\n\n\n\n<p class=\"has-text-align-center\"><a href=\"http:\/\/www.fafard.ca\/produit\/compost_avec_tourbe_algues_et_crevettes_biosol\/\">Compost avec tourbe, algues et crevettes Biosol\u00ae<\/a><\/p>\n\n\n\n<p class=\"has-text-align-center\"><a href=\"http:\/\/www.fafard.ca\/produit\/engrais_a_liberation_controlee_max_fleurs\/\">Engrais \u00e0 lib\u00e9ration contr\u00f4l\u00e9e Max Fleurs<\/a><\/p>\n\n\n\n<h3 class=\"wp-block-heading\">Trucs et astuces<\/h3>\n\n\n\n<ol class=\"wp-block-list\">\n<li><strong>Pourquoi ajouter du Compost Biosol au fond de la jardini\u00e8re?<\/strong> Le <a title=\"compost Biosol\" href=\"http:\/\/fafard.qc.ca\/produit\/compost_avec_tourbe_algues_et_crevettes_biosol\">Compost Biosol<\/a> donne un regain d\u2019\u00e9nergie aux racines des plantes en mi-saison. La croissance sera alors constante tout au long de la saison.<\/li>\n\n\n\n<li><strong>Saviez-vous que\u2026<\/strong> Le <a title=\"compost Biosol\" href=\"http:\/\/fafard.qc.ca\/produit\/terreau_contenant_veranda\">terreau contenant V\u00e9randa<\/a>\u00ae procure une <strong>floraison 2X plus abondante<\/strong> et permet un <strong>arrosage 30% moins fr\u00e9quent?<\/strong><\/li>\n\n\n\n<li><strong>Quel est le temps id\u00e9al pour d\u00e9buter vos jardini\u00e8res?<\/strong> \u00c0 la mi-mai, les risques de gel sont termin\u00e9s. C\u2019est le temps parfait pour d\u00e9buter vos jardini\u00e8res.<\/li>\n<\/ol>\n\n\n\n<p>&#8211; See more at: http:\/\/fafard.qc.ca\/projet\/projet-jardiniere\/#inspiration<\/p>\n","protected":false},"excerpt":{"rendered":"<p>Combinaison gagnante Profitez de la synergie de ces produits en obtenant des r\u00e9sultats frappants qui surpasseront vos attentes. Cette combinaison assurera le succ\u00e8s de votre projet. Terreau contenant V\u00e9randa\u00ae Compost avec tourbe, algues et crevettes Biosol\u00ae Engrais \u00e0 lib\u00e9ration contr\u00f4l\u00e9e Max Fleurs Trucs et astuces &#8211; See more at: http:\/\/fafard.qc.ca\/projet\/projet-jardiniere\/#inspiration<\/p>\n","protected":false},"author":1,"featured_media":0,"parent":0,"menu_order":0,"comment_status":"closed","ping_status":"closed","template":"","meta":{"footnotes":""},"class_list":["post-11037","page","type-page","status-publish","hentry"],"jetpack_sharing_enabled":true,"_links":{"self":[{"href":"https:\/\/multivracecono.com\/index.php\/wp-json\/wp\/v2\/pages\/11037","targetHints":{"allow":["GET"]}}],"collection":[{"href":"https:\/\/multivracecono.com\/index.php\/wp-json\/wp\/v2\/pages"}],"about":[{"href":"https:\/\/multivracecono.com\/index.php\/wp-json\/wp\/v2\/types\/page"}],"author":[{"embeddable":true,"href":"https:\/\/multivracecono.com\/index.php\/wp-json\/wp\/v2\/users\/1"}],"replies":[{"embeddable":true,"href":"https:\/\/multivracecono.com\/index.php\/wp-json\/wp\/v2\/comments?post=11037"}],"version-history":[{"count":1,"href":"https:\/\/multivracecono.com\/index.php\/wp-json\/wp\/v2\/pages\/11037\/revisions"}],"predecessor-version":[{"id":11876,"href":"https:\/\/multivracecono.com\/index.php\/wp-json\/wp\/v2\/pages\/11037\/revisions\/11876"}],"wp:attachment":[{"href":"https:\/\/multivracecono.com\/index.php\/wp-json\/wp\/v2\/media?parent=11037"}],"curies":[{"name":"wp","href":"https:\/\/api.w.org\/{rel}","templated":true}]}}